{"id":262883,"date":"2024-07-31T14:28:12","date_gmt":"2024-07-31T17:28:12","guid":{"rendered":"https:\/\/ourofinoagro.com.br\/contact-2\/"},"modified":"2024-07-31T14:46:33","modified_gmt":"2024-07-31T17:46:33","slug":"contact-2","status":"publish","type":"page","link":"https:\/\/ourofinoagro.com.br\/en\/contact-2\/","title":{"rendered":"Contact"},"content":{"rendered":"<p>[et_pb_section fb_built=&#8221;1&#8243; _builder_version=&#8221;4.16&#8243; background_image=&#8221;https:\/\/ourofinoagro.com.br\/wp-content\/uploads\/2019\/09\/foto-topo-contato.jpg&#8221; background_position=&#8221;top_right&#8221; background_blend=&#8221;darken&#8221; min_height=&#8221;549px&#8221; custom_margin=&#8221;||1px|||&#8221; custom_padding=&#8221;9px||19px|||&#8221; da_disable_devices=&#8221;off|off|off&#8221; global_colors_info=&#8221;{}&#8221; da_is_popup=&#8221;off&#8221; da_exit_intent=&#8221;off&#8221; da_has_close=&#8221;on&#8221; da_alt_close=&#8221;off&#8221; da_dark_close=&#8221;off&#8221; da_not_modal=&#8221;on&#8221; da_is_singular=&#8221;off&#8221; da_with_loader=&#8221;off&#8221; da_has_shadow=&#8221;on&#8221;][et_pb_row column_structure=&#8221;3_5,2_5&#8243; custom_padding_last_edited=&#8221;on|phone&#8221; _builder_version=&#8221;4.16&#8243; custom_padding=&#8221;260px||7px||false|false&#8221; custom_padding_tablet=&#8221;200px||7px||false|false&#8221; custom_padding_phone=&#8221;0px||||false|false&#8221; global_colors_info=&#8221;{}&#8221;][et_pb_column type=&#8221;3_5&#8243; _builder_version=&#8221;4.16&#8243; global_colors_info=&#8221;{}&#8221;][\/et_pb_column][et_pb_column type=&#8221;2_5&#8243; _builder_version=&#8221;4.16&#8243; global_colors_info=&#8221;{}&#8221;][et_pb_text _builder_version=&#8221;4.17.6&#8243; text_text_color=&#8221;#ffffff&#8221; header_font=&#8221;|300|||||||&#8221; header_text_color=&#8221;#ffffff&#8221; header_font_size=&#8221;43px&#8221; background_image=&#8221;https:\/\/ourofinoagro.com.br\/wp-content\/uploads\/2019\/08\/home-division.png&#8221; max_width=&#8221;346px&#8221; min_height=&#8221;256px&#8221; custom_margin=&#8221;||-19px||false|false&#8221; custom_margin_tablet=&#8221;||-24px||false|false&#8221; custom_margin_phone=&#8221;94px||-18px||false|false&#8221; custom_margin_last_edited=&#8221;on|phone&#8221; custom_padding=&#8221;79px|34px|60px|34px|false|true&#8221; header_font_size_tablet=&#8221;&#8221; header_font_size_phone=&#8221;37px&#8221; header_font_size_last_edited=&#8221;on|phone&#8221; header_text_shadow_style=&#8221;preset4&#8243; header_text_shadow_horizontal_length=&#8221;0.02em&#8221; header_text_shadow_vertical_length=&#8221;0.02em&#8221; global_colors_info=&#8221;{}&#8221;]<\/p>\n<h1>Contact us<\/h1>\n<p>We always have an Ourofino collaborator near you, ready to assist you in the development of Brazilian agriculture. Want to know more about how to find one? Get in touch.<\/p>\n<p>[\/et_pb_text][\/et_pb_column][\/et_pb_row][\/et_pb_section][et_pb_section fb_built=&#8221;1&#8243; _builder_version=&#8221;4.16&#8243; background_color=&#8221;#ffffff&#8221; custom_margin=&#8221;-4px||||false|false&#8221; custom_padding=&#8221;8px||3px|||&#8221; da_disable_devices=&#8221;off|off|off&#8221; global_colors_info=&#8221;{}&#8221; da_is_popup=&#8221;off&#8221; da_exit_intent=&#8221;off&#8221; da_has_close=&#8221;on&#8221; da_alt_close=&#8221;off&#8221; da_dark_close=&#8221;off&#8221; da_not_modal=&#8221;on&#8221; da_is_singular=&#8221;off&#8221; da_with_loader=&#8221;off&#8221; da_has_shadow=&#8221;on&#8221;][et_pb_row _builder_version=&#8221;4.16&#8243; width=&#8221;100%&#8221; custom_margin=&#8221;|auto|-7px|auto|false|false&#8221; custom_padding=&#8221;3px||||false|false&#8221; global_colors_info=&#8221;{}&#8221;][et_pb_column type=&#8221;4_4&#8243; _builder_version=&#8221;4.16&#8243; global_colors_info=&#8221;{}&#8221;][et_pb_image src=&#8221;https:\/\/ourofinoagro.com.br\/wp-content\/uploads\/2019\/08\/bg-branco.png&#8221; force_fullwidth=&#8221;on&#8221; _builder_version=&#8221;4.16&#8243; custom_margin=&#8221;-102px||||false|false&#8221; custom_margin_tablet=&#8221;-64px||||false|false&#8221; custom_margin_phone=&#8221;-59px||||false|false&#8221; custom_margin_last_edited=&#8221;on|phone&#8221; custom_padding=&#8221;||||false|false&#8221; border_width_bottom=&#8221;22px&#8221; border_color_bottom=&#8221;#ffffff&#8221; global_colors_info=&#8221;{}&#8221;][\/et_pb_image][\/et_pb_column][\/et_pb_row][\/et_pb_section][et_pb_section fb_built=&#8221;1&#8243; _builder_version=&#8221;4.16&#8243; custom_margin=&#8221;3px|||||&#8221; custom_padding=&#8221;7px|||||&#8221; da_disable_devices=&#8221;off|off|off&#8221; global_colors_info=&#8221;{}&#8221; da_is_popup=&#8221;off&#8221; da_exit_intent=&#8221;off&#8221; da_has_close=&#8221;on&#8221; da_alt_close=&#8221;off&#8221; da_dark_close=&#8221;off&#8221; da_not_modal=&#8221;on&#8221; da_is_singular=&#8221;off&#8221; da_with_loader=&#8221;off&#8221; da_has_shadow=&#8221;on&#8221;][et_pb_row column_structure=&#8221;3_5,2_5&#8243; _builder_version=&#8221;4.16&#8243; min_height=&#8221;632px&#8221; custom_margin=&#8221;-6px|auto|10px|auto||&#8221; custom_padding=&#8221;24px||6px|||&#8221; border_width_bottom=&#8221;1px&#8221; border_color_bottom=&#8221;rgba(114,189,76,0.09)&#8221; global_colors_info=&#8221;{}&#8221;][et_pb_column type=&#8221;3_5&#8243; _builder_version=&#8221;4.16&#8243; custom_padding=&#8221;||||false|false&#8221; global_colors_info=&#8221;{}&#8221;][et_pb_code _builder_version=&#8221;4.21.0&#8243; _module_preset=&#8221;default&#8221; global_colors_info=&#8221;{}&#8221;]<script><!-- [et_pb_line_break_holder] -->document.getElementById(\"et_pb_contact_referencia_0\").setAttribute('value',document.referrer);<!-- [et_pb_line_break_holder] --><\/script>[\/et_pb_code][et_pb_blurb title=&#8221;Commercial Request&#8221; image=&#8221;https:\/\/ourofinoagro.com.br\/wp-content\/uploads\/2023\/04\/comercial.png&#8221; alt=&#8221;Comercial&#8221; image_icon_width=&#8221;100px&#8221; _builder_version=&#8221;4.21.0&#8243; _module_preset=&#8221;default&#8221; header_text_align=&#8221;center&#8221; header_text_color=&#8221;#FFFFFF&#8221; body_text_align=&#8221;center&#8221; body_text_color=&#8221;#FFFFFF&#8221; body_link_text_color=&#8221;#FFFFFF&#8221; background_color=&#8221;#72bd4c&#8221; custom_padding=&#8221;20px||20px||true|false&#8221; hover_enabled=&#8221;0&#8243; dsm_modules_popup=&#8221;on&#8221; dsm_modules_popup_library=&#8221;256369&#8243; dsm_modules_popup_width=&#8221;875px&#8221; global_colors_info=&#8221;{}&#8221; background__hover_enabled=&#8221;on|hover&#8221; background_color__hover=&#8221;#022c58&#8243; background_enable_color__hover=&#8221;on&#8221; sticky_enabled=&#8221;0&#8243;]<\/p>\n<p>Click here if you want to become an Ourofino Agroci\u00eancia representative, or purchase any of our products.<\/p>\n<p>[\/et_pb_blurb][et_pb_blurb title=&#8221;Doubts?&#8221; image=&#8221;https:\/\/ourofinoagro.com.br\/wp-content\/uploads\/2023\/04\/outras-duvidas.png&#8221; alt=&#8221;Outras D\u00favidas&#8221; image_icon_width=&#8221;100px&#8221; _builder_version=&#8221;4.21.0&#8243; _module_preset=&#8221;default&#8221; header_text_align=&#8221;center&#8221; header_text_color=&#8221;#FFFFFF&#8221; body_text_align=&#8221;center&#8221; body_text_color=&#8221;#FFFFFF&#8221; body_link_text_color=&#8221;#FFFFFF&#8221; background_color=&#8221;#72bd4c&#8221; custom_padding=&#8221;20px||20px||true|false&#8221; link_option_url=&#8221;\/contato\/outras-duvidas\/&#8221; global_colors_info=&#8221;{}&#8221; background_color__hover=&#8221;#022c58&#8243; background__hover_enabled=&#8221;on|hover&#8221; background_enable_color__hover=&#8221;on&#8221;]<\/p>\n<p><a href=\"https:\/\/ourofinoagro.com.br\/contato\/pessoa-fisica\/\">Contact us here<\/a><\/p>\n<p>[\/et_pb_blurb][\/et_pb_column][et_pb_column type=&#8221;2_5&#8243; _builder_version=&#8221;4.16&#8243; background_enable_color=&#8221;off&#8221; custom_padding=&#8221;21px|15px|21px|21px|true|false&#8221; border_color_all=&#8221;rgba(124,218,36,0.14)&#8221; global_colors_info=&#8221;{}&#8221;][et_pb_text _builder_version=&#8221;4.18.0&#8243; header_2_font_size=&#8221;28px&#8221; custom_margin=&#8221;12px||1px||false|false&#8221; custom_padding=&#8221;19px|25px|30px||false|false&#8221; global_colors_info=&#8221;{}&#8221;]<\/p>\n<h2>Adresses<\/h2>\n<p>Avenida Filomena Cartafina, 22335<br \/>Distrito Industrial III \u2013 CEP 38044-750<br \/>Uberaba \u2013 MG \u2013 Brasil | <a href=\"https:\/\/www.google.com\/maps\/dir\/\/Ourofino+Agroci%C3%AAncia+-+Av.+Filomena+Cartafina,+22335+-+Distrito+Industrial+III,+Uberaba+-+MG,+38044-750\/@-19.9684872,-47.8894583,14.96z\/data=!4m8!4m7!1m0!1m5!1m1!1s0x94bada9fd71f58d1:0xb16c39f7b7870beb!2m2!1d-47.891292!2d-19.964862\" target=\"_blank\" rel=\"noopener\">How to get<\/a><\/p>\n<p>Avenida Luiz Eduardo Toledo Prado, 800<br \/>Vila do Golf \u2013 CEP: 14027-250<br \/>Ribeir\u00e3o Preto \u2013 SP \u2013 Brasil | <a href=\"https:\/\/www.google.com\/maps\/dir\/\/Av.+Luiz+Eduardo+Toledo+Prado,+800+-+Vila+do+Golfe,+Ribeir%C3%A3o+Preto+-+SP,+14027-250\/@-21.238866,-47.8434239,17z\/data=!4m8!4m7!1m0!1m5!1m1!1s0x94b9b9606c31b8b7:0x68cac0a67191d36c!2m2!1d-47.8412299!2d-21.238871\" target=\"_blank\" rel=\"noopener\">How to get<\/a><\/p>\n<p>[\/et_pb_text][et_pb_text _builder_version=&#8221;4.17.6&#8243; header_2_font_size=&#8221;28px&#8221; background_color=&#8221;rgba(239,239,239,0.61)&#8221; custom_margin=&#8221;12px||1px||false|false&#8221; custom_padding=&#8221;36px|17px|36px|17px|true|true&#8221; link_option_url=&#8221;\/trabalhe-conosco\/&#8221; link_option_url_new_window=&#8221;on&#8221; border_radii=&#8221;on|4px|4px|4px|4px&#8221; global_colors_info=&#8221;{}&#8221; background__hover_enabled=&#8221;on&#8221; background_color__hover=&#8221;#002855&#8243; background_enable_color__hover=&#8221;on&#8221;]<\/p>\n<h2 style=\"text-align: center;\"><a href=\"https:\/\/ourofinoagro.com.br\/trabalhe-conosco\/\" target=\"_blank\" rel=\"noopener\">For CVs, visit the work with us section<\/a><\/h2>\n<p>[\/et_pb_text][et_pb_text _builder_version=&#8221;4.17.6&#8243; header_2_font_size=&#8221;28px&#8221; background_color=&#8221;rgba(239,239,239,0.61)&#8221; custom_margin=&#8221;12px||1px||false|false&#8221; custom_padding=&#8221;36px|17px|36px|17px|true|true&#8221; border_radii=&#8221;on|4px|4px|4px|4px&#8221; global_colors_info=&#8221;{}&#8221; background__hover_enabled=&#8221;on&#8221; background_color__hover=&#8221;#002855&#8243; background_enable_color__hover=&#8221;on&#8221;]<\/p>\n<h2 style=\"text-align: center;\">Telephone<\/h2>\n<h2 class=\"p1\" style=\"text-align: center;\"><a href=\"tel:0800%20941 5508\"><span class=\"s1\"><b>0800 941-5508<\/b><\/span><\/a><\/h2>\n<p>[\/et_pb_text][et_pb_text _builder_version=&#8221;4.21.0&#8243; header_2_font_size=&#8221;28px&#8221; background_color=&#8221;rgba(239,239,239,0.61)&#8221; custom_margin=&#8221;12px||1px||false|false&#8221; custom_padding=&#8221;36px|17px|36px|17px|true|true&#8221; link_option_url=&#8221;https:\/\/ouroagro.com\/WhatsSITE&#8221; link_option_url_new_window=&#8221;on&#8221; border_radii=&#8221;on|4px|4px|4px|4px&#8221; global_colors_info=&#8221;{}&#8221; background__hover_enabled=&#8221;on&#8221; background_color__hover=&#8221;#002855&#8243; background_enable_color__hover=&#8221;on&#8221;]<\/p>\n<h2 style=\"text-align: center;\"><a href=\"https:\/\/wa.me\/5516999750892\" target=\"_blank\" rel=\"noopener\">WhatsApp<\/a><\/h2>\n<h2 class=\"p1\" style=\"text-align: center;\"><a href=\"https:\/\/wa.me\/5516999750892\" target=\"_blank\" rel=\"noopener\">(16) 99975-0892<\/a><\/h2>\n<p>[\/et_pb_text][et_pb_text _builder_version=&#8221;4.17.6&#8243; header_2_font_size=&#8221;28px&#8221; background_color=&#8221;rgba(239,239,239,0.61)&#8221; custom_margin=&#8221;12px||1px||false|false&#8221; custom_padding=&#8221;36px|17px|36px|17px|true|true&#8221; link_option_url=&#8221;https:\/\/ourofinoagro.com.br\/canal-etico\/&#8221; link_option_url_new_window=&#8221;on&#8221; border_radii=&#8221;on|4px|4px|4px|4px&#8221; global_colors_info=&#8221;{}&#8221; background__hover_enabled=&#8221;on&#8221; background_color__hover=&#8221;#002855&#8243; background_enable_color__hover=&#8221;on&#8221;]<\/p>\n<h2 style=\"text-align: center;\"><a href=\"https:\/\/ourofinoagro.com.br\/en\/ethical-channel\/\" target=\"_blank\" rel=\"noopener\">Ethical Channel<\/a><a href=\"https:\/\/wa.me\/5516999750892\" target=\"_blank\" rel=\"noopener\" style=\"font-size: 16px;\"><\/a><\/h2>\n<p>[\/et_pb_text][\/et_pb_column][\/et_pb_row][\/et_pb_section][et_pb_section fb_built=&#8221;1&#8243; disabled_on=&#8221;on|on|on&#8221; _builder_version=&#8221;3.27.4&#8243; background_color=&#8221;#edf000&#8243; background_enable_color=&#8221;off&#8221; width=&#8221;100%&#8221; max_width=&#8221;100%&#8221; custom_margin=&#8221;0px|0px|0px|0px|false|false&#8221; custom_padding=&#8221;0px|0px|0px|0px|false|false&#8221; da_disable_devices=&#8221;off|off|off&#8221; disabled=&#8221;on&#8221; global_module=&#8221;1570&#8243; saved_tabs=&#8221;all&#8221; global_colors_info=&#8221;{}&#8221; da_is_popup=&#8221;off&#8221; da_exit_intent=&#8221;off&#8221; da_has_close=&#8221;on&#8221; da_alt_close=&#8221;off&#8221; da_dark_close=&#8221;off&#8221; da_not_modal=&#8221;on&#8221; da_is_singular=&#8221;off&#8221; da_with_loader=&#8221;off&#8221; da_has_shadow=&#8221;on&#8221;][\/et_pb_section][et_pb_section fb_built=&#8221;1&#8243; _builder_version=&#8221;4.21.0&#8243; _module_preset=&#8221;default&#8221; da_disable_devices=&#8221;off|off|off&#8221; global_colors_info=&#8221;{}&#8221; da_is_popup=&#8221;off&#8221; da_exit_intent=&#8221;off&#8221; da_has_close=&#8221;on&#8221; da_alt_close=&#8221;off&#8221; da_dark_close=&#8221;off&#8221; da_not_modal=&#8221;on&#8221; da_is_singular=&#8221;off&#8221; da_with_loader=&#8221;off&#8221; da_has_shadow=&#8221;on&#8221;][et_pb_row _builder_version=&#8221;4.21.0&#8243; _module_preset=&#8221;default&#8221; global_colors_info=&#8221;{}&#8221;][et_pb_column type=&#8221;4_4&#8243; _builder_version=&#8221;4.21.0&#8243; _module_preset=&#8221;default&#8221; global_colors_info=&#8221;{}&#8221;][et_pb_code _builder_version=&#8221;4.21.0&#8243; _module_preset=&#8221;default&#8221; global_colors_info=&#8221;{}&#8221;]<script><!-- [et_pb_line_break_holder] -->  function getParameterByName(name, url) {<!-- [et_pb_line_break_holder] -->     if (!url) url = window.location.href;<!-- [et_pb_line_break_holder] -->     name = name.replace(\/[\\[\\]]\/g, \"\\\\$&\");<!-- [et_pb_line_break_holder] -->     var regex = new RegExp(\"[?&]\" + name + \"(=([^&#]*)|&|#|$)\"),<!-- [et_pb_line_break_holder] -->         results = regex.exec(url);<!-- [et_pb_line_break_holder] -->     if (!results) return null;<!-- [et_pb_line_break_holder] -->     if (!results[2]) return '';<!-- [et_pb_line_break_holder] -->     return decodeURIComponent(results[2].replace(\/\\+\/g, \" \"));<!-- [et_pb_line_break_holder] --> \t}<!-- [et_pb_line_break_holder] -->  <!-- [et_pb_line_break_holder] -->  jQuery(function($){ <!-- [et_pb_line_break_holder] -->   if (getParameterByName(\"popup\") === \"1\") {<!-- [et_pb_line_break_holder] -->     setTimeout(function(){ $(\".et_pb_blurb_content\")[0].click(); }, 2000);<!-- [et_pb_line_break_holder] -->   }<!-- [et_pb_line_break_holder] -->  });<!-- [et_pb_line_break_holder] --><\/script>[\/et_pb_code][\/et_pb_column][\/et_pb_row][\/et_pb_section]<\/p>\n","protected":false},"excerpt":{"rendered":"<p>Contact us We always have an Ourofino collaborator near you, ready to assist you in the development of Brazilian agriculture. Want to know more about how to find one? Get in touch.Click here if you want to become an Ourofino Agroci\u00eancia representative, or purchase any of our products.Contact us hereAdresses Avenida Filomena Cartafina, 22335Distrito Industrial [&hellip;]<\/p>\n","protected":false},"author":17,"featured_media":0,"parent":0,"menu_order":0,"comment_status":"closed","ping_status":"closed","template":"","meta":{"_et_pb_use_builder":"on","_et_pb_old_content":"","_et_gb_content_width":"","inline_featured_image":false,"footnotes":""},"categories":[],"tags":[],"dipi_cpt_category":[],"class_list":["post-262883","page","type-page","status-publish","hentry"],"yoast_head":"<!-- This site is optimized with the Yoast SEO plugin v21.6 - https:\/\/yoast.com\/wordpress\/plugins\/seo\/ -->\n<title>Contact - Ourofino Agroci\u00eancia<\/title>\n<meta name=\"robots\" content=\"index, follow, max-snippet:-1, max-image-preview:large, max-video-preview:-1\" \/>\n<link rel=\"canonical\" href=\"https:\/\/ourofinoagro.com.br\/en\/contact-2\/\" \/>\n<meta property=\"og:locale\" content=\"en_US\" \/>\n<meta property=\"og:type\" content=\"article\" \/>\n<meta property=\"og:title\" content=\"Contact - Ourofino Agroci\u00eancia\" \/>\n<meta property=\"og:description\" content=\"Contact us We always have an Ourofino collaborator near you, ready to assist you in the development of Brazilian agriculture. Want to know more about how to find one? Get in touch.Click here if you want to become an Ourofino Agroci\u00eancia representative, or purchase any of our products.Contact us hereAdresses Avenida Filomena Cartafina, 22335Distrito Industrial [&hellip;]\" \/>\n<meta property=\"og:url\" content=\"https:\/\/ourofinoagro.com.br\/en\/contact-2\/\" \/>\n<meta property=\"og:site_name\" content=\"Ourofino Agroci\u00eancia\" \/>\n<meta property=\"article:modified_time\" content=\"2024-07-31T17:46:33+00:00\" \/>\n<meta name=\"twitter:card\" content=\"summary_large_image\" \/>\n<meta name=\"twitter:label1\" content=\"Est. reading time\" \/>\n\t<meta name=\"twitter:data1\" content=\"7 minutes\" \/>\n<script type=\"application\/ld+json\" class=\"yoast-schema-graph\">{\"@context\":\"https:\/\/schema.org\",\"@graph\":[{\"@type\":\"WebPage\",\"@id\":\"https:\/\/ourofinoagro.com.br\/en\/contact-2\/\",\"url\":\"https:\/\/ourofinoagro.com.br\/en\/contact-2\/\",\"name\":\"Contact - Ourofino Agroci\u00eancia\",\"isPartOf\":{\"@id\":\"https:\/\/ourofinoagro.com.br\/#website\"},\"datePublished\":\"2024-07-31T17:28:12+00:00\",\"dateModified\":\"2024-07-31T17:46:33+00:00\",\"breadcrumb\":{\"@id\":\"https:\/\/ourofinoagro.com.br\/en\/contact-2\/#breadcrumb\"},\"inLanguage\":\"en-US\",\"potentialAction\":[{\"@type\":\"ReadAction\",\"target\":[\"https:\/\/ourofinoagro.com.br\/en\/contact-2\/\"]}]},{\"@type\":\"BreadcrumbList\",\"@id\":\"https:\/\/ourofinoagro.com.br\/en\/contact-2\/#breadcrumb\",\"itemListElement\":[{\"@type\":\"ListItem\",\"position\":1,\"name\":\"In\u00edcio\",\"item\":\"https:\/\/ourofinoagro.com.br\/en\/\"},{\"@type\":\"ListItem\",\"position\":2,\"name\":\"Contact\"}]},{\"@type\":\"WebSite\",\"@id\":\"https:\/\/ourofinoagro.com.br\/#website\",\"url\":\"https:\/\/ourofinoagro.com.br\/\",\"name\":\"Ourofino Agroci\u00eancia\",\"description\":\"Nosso prop\u00f3sito de Reimaginar a Agricultura Brasileira est\u00e1 relacionado ao nosso compromisso em inspirar uma nova era de desenvolvimento, produtividade e crescimento.\",\"potentialAction\":[{\"@type\":\"SearchAction\",\"target\":{\"@type\":\"EntryPoint\",\"urlTemplate\":\"https:\/\/ourofinoagro.com.br\/?s={search_term_string}\"},\"query-input\":\"required name=search_term_string\"}],\"inLanguage\":\"en-US\"}]}<\/script>\n<!-- \/ Yoast SEO plugin. -->","yoast_head_json":{"title":"Contact - Ourofino Agroci\u00eancia","robots":{"index":"index","follow":"follow","max-snippet":"max-snippet:-1","max-image-preview":"max-image-preview:large","max-video-preview":"max-video-preview:-1"},"canonical":"https:\/\/ourofinoagro.com.br\/en\/contact-2\/","og_locale":"en_US","og_type":"article","og_title":"Contact - Ourofino Agroci\u00eancia","og_description":"Contact us We always have an Ourofino collaborator near you, ready to assist you in the development of Brazilian agriculture. Want to know more about how to find one? Get in touch.Click here if you want to become an Ourofino Agroci\u00eancia representative, or purchase any of our products.Contact us hereAdresses Avenida Filomena Cartafina, 22335Distrito Industrial [&hellip;]","og_url":"https:\/\/ourofinoagro.com.br\/en\/contact-2\/","og_site_name":"Ourofino Agroci\u00eancia","article_modified_time":"2024-07-31T17:46:33+00:00","twitter_card":"summary_large_image","twitter_misc":{"Est. reading time":"7 minutes"},"schema":{"@context":"https:\/\/schema.org","@graph":[{"@type":"WebPage","@id":"https:\/\/ourofinoagro.com.br\/en\/contact-2\/","url":"https:\/\/ourofinoagro.com.br\/en\/contact-2\/","name":"Contact - Ourofino Agroci\u00eancia","isPartOf":{"@id":"https:\/\/ourofinoagro.com.br\/#website"},"datePublished":"2024-07-31T17:28:12+00:00","dateModified":"2024-07-31T17:46:33+00:00","breadcrumb":{"@id":"https:\/\/ourofinoagro.com.br\/en\/contact-2\/#breadcrumb"},"inLanguage":"en-US","potentialAction":[{"@type":"ReadAction","target":["https:\/\/ourofinoagro.com.br\/en\/contact-2\/"]}]},{"@type":"BreadcrumbList","@id":"https:\/\/ourofinoagro.com.br\/en\/contact-2\/#breadcrumb","itemListElement":[{"@type":"ListItem","position":1,"name":"In\u00edcio","item":"https:\/\/ourofinoagro.com.br\/en\/"},{"@type":"ListItem","position":2,"name":"Contact"}]},{"@type":"WebSite","@id":"https:\/\/ourofinoagro.com.br\/#website","url":"https:\/\/ourofinoagro.com.br\/","name":"Ourofino Agroci\u00eancia","description":"Nosso prop\u00f3sito de Reimaginar a Agricultura Brasileira est\u00e1 relacionado ao nosso compromisso em inspirar uma nova era de desenvolvimento, produtividade e crescimento.","potentialAction":[{"@type":"SearchAction","target":{"@type":"EntryPoint","urlTemplate":"https:\/\/ourofinoagro.com.br\/?s={search_term_string}"},"query-input":"required name=search_term_string"}],"inLanguage":"en-US"}]}},"_links":{"self":[{"href":"https:\/\/ourofinoagro.com.br\/en\/wp-json\/wp\/v2\/pages\/262883"}],"collection":[{"href":"https:\/\/ourofinoagro.com.br\/en\/wp-json\/wp\/v2\/pages"}],"about":[{"href":"https:\/\/ourofinoagro.com.br\/en\/wp-json\/wp\/v2\/types\/page"}],"author":[{"embeddable":true,"href":"https:\/\/ourofinoagro.com.br\/en\/wp-json\/wp\/v2\/users\/17"}],"replies":[{"embeddable":true,"href":"https:\/\/ourofinoagro.com.br\/en\/wp-json\/wp\/v2\/comments?post=262883"}],"version-history":[{"count":5,"href":"https:\/\/ourofinoagro.com.br\/en\/wp-json\/wp\/v2\/pages\/262883\/revisions"}],"predecessor-version":[{"id":262888,"href":"https:\/\/ourofinoagro.com.br\/en\/wp-json\/wp\/v2\/pages\/262883\/revisions\/262888"}],"wp:attachment":[{"href":"https:\/\/ourofinoagro.com.br\/en\/wp-json\/wp\/v2\/media?parent=262883"}],"wp:term":[{"taxonomy":"category","embeddable":true,"href":"https:\/\/ourofinoagro.com.br\/en\/wp-json\/wp\/v2\/categories?post=262883"},{"taxonomy":"post_tag","embeddable":true,"href":"https:\/\/ourofinoagro.com.br\/en\/wp-json\/wp\/v2\/tags?post=262883"},{"taxonomy":"dipi_cpt_category","embeddable":true,"href":"https:\/\/ourofinoagro.com.br\/en\/wp-json\/wp\/v2\/dipi_cpt_category?post=262883"}],"curies":[{"name":"wp","href":"https:\/\/api.w.org\/{rel}","templated":true}]}}