{"id":4494,"date":"2019-11-01T12:02:50","date_gmt":"2019-11-01T15:02:50","guid":{"rendered":"https:\/\/ourofinoagro.com.br\/press-office\/"},"modified":"2023-07-31T08:48:51","modified_gmt":"2023-07-31T11:48:51","slug":"office","status":"publish","type":"page","link":"https:\/\/ourofinoagro.com.br\/en\/office\/","title":{"rendered":"Press Office"},"content":{"rendered":"<p>[et_pb_section fb_built=&#8221;1&#8243; _builder_version=&#8221;4.16&#8243; background_image=&#8221;https:\/\/ourofinoagro.com.br\/wp-content\/uploads\/2019\/08\/foto-topo-imprensa.jpg&#8221; background_position=&#8221;top_right&#8221; background_blend=&#8221;darken&#8221; min_height=&#8221;549px&#8221; custom_margin=&#8221;||1px|||&#8221; custom_padding=&#8221;9px||19px|||&#8221; da_disable_devices=&#8221;off|off|off&#8221; global_colors_info=&#8221;{}&#8221; da_is_popup=&#8221;off&#8221; da_exit_intent=&#8221;off&#8221; da_has_close=&#8221;on&#8221; da_alt_close=&#8221;off&#8221; da_dark_close=&#8221;off&#8221; da_not_modal=&#8221;on&#8221; da_is_singular=&#8221;off&#8221; da_with_loader=&#8221;off&#8221; da_has_shadow=&#8221;on&#8221;][et_pb_row column_structure=&#8221;3_5,2_5&#8243; custom_padding_last_edited=&#8221;on|phone&#8221; _builder_version=&#8221;4.16&#8243; custom_padding=&#8221;154px||7px||false|false&#8221; custom_padding_tablet=&#8221;200px||7px||false|false&#8221; custom_padding_phone=&#8221;0px||||false|false&#8221; global_colors_info=&#8221;{}&#8221;][et_pb_column type=&#8221;3_5&#8243; _builder_version=&#8221;4.16&#8243; global_colors_info=&#8221;{}&#8221;][\/et_pb_column][et_pb_column type=&#8221;2_5&#8243; _builder_version=&#8221;4.16&#8243; global_colors_info=&#8221;{}&#8221;][et_pb_text _builder_version=&#8221;4.16&#8243; text_text_color=&#8221;#ffffff&#8221; header_font=&#8221;|300|||||||&#8221; header_text_color=&#8221;#ffffff&#8221; header_font_size=&#8221;40px&#8221; background_image=&#8221;https:\/\/ourofinoagro.com.br\/wp-content\/uploads\/2019\/08\/home-division.png&#8221; max_width=&#8221;346px&#8221; min_height=&#8221;256px&#8221; custom_margin=&#8221;-33px||-32px||false|false&#8221; custom_margin_tablet=&#8221;||-24px||false|false&#8221; custom_margin_phone=&#8221;94px||-18px||false|false&#8221; custom_margin_last_edited=&#8221;on|phone&#8221; custom_padding=&#8221;107px|34px|172px|34px|false|true&#8221; header_font_size_tablet=&#8221;&#8221; header_font_size_phone=&#8221;42px&#8221; header_font_size_last_edited=&#8221;on|phone&#8221; header_text_shadow_style=&#8221;preset4&#8243; header_text_shadow_horizontal_length=&#8221;0.02em&#8221; header_text_shadow_vertical_length=&#8221;0.02em&#8221; locked=&#8221;off&#8221; global_colors_info=&#8221;{}&#8221;]<\/p>\n<h1>Press Office<\/h1>\n<p><span>Here you can check the main news of our institution, our press releases, as well as a clipping of news and interviews with our main executives.<\/span><\/p>\n<p>[\/et_pb_text][\/et_pb_column][\/et_pb_row][\/et_pb_section][et_pb_section fb_built=&#8221;1&#8243; _builder_version=&#8221;4.16&#8243; background_color=&#8221;#ffffff&#8221; custom_margin=&#8221;-4px||||false|false&#8221; custom_padding=&#8221;8px||3px|||&#8221; da_disable_devices=&#8221;off|off|off&#8221; global_colors_info=&#8221;{}&#8221; da_is_popup=&#8221;off&#8221; da_exit_intent=&#8221;off&#8221; da_has_close=&#8221;on&#8221; da_alt_close=&#8221;off&#8221; da_dark_close=&#8221;off&#8221; da_not_modal=&#8221;on&#8221; da_is_singular=&#8221;off&#8221; da_with_loader=&#8221;off&#8221; da_has_shadow=&#8221;on&#8221;][et_pb_row _builder_version=&#8221;4.16&#8243; width=&#8221;100%&#8221; custom_margin=&#8221;|auto|-7px|auto|false|false&#8221; custom_padding=&#8221;3px||||false|false&#8221; global_colors_info=&#8221;{}&#8221;][et_pb_column type=&#8221;4_4&#8243; _builder_version=&#8221;4.16&#8243; global_colors_info=&#8221;{}&#8221;][et_pb_image src=&#8221;https:\/\/ourofinoagro.com.br\/wp-content\/uploads\/2019\/08\/bg-branco.png&#8221; force_fullwidth=&#8221;on&#8221; _builder_version=&#8221;4.16&#8243; custom_margin=&#8221;-99px||-8px||false|false&#8221; custom_margin_tablet=&#8221;-64px||||false|false&#8221; custom_margin_phone=&#8221;-57px||||false|false&#8221; custom_margin_last_edited=&#8221;on|phone&#8221; custom_padding=&#8221;1px||0px||false|false&#8221; border_width_bottom=&#8221;22px&#8221; border_color_bottom=&#8221;#ffffff&#8221; global_colors_info=&#8221;{}&#8221;][\/et_pb_image][\/et_pb_column][\/et_pb_row][\/et_pb_section][et_pb_section fb_built=&#8221;1&#8243; _builder_version=&#8221;4.16&#8243; custom_padding=&#8221;9px|||||&#8221; da_disable_devices=&#8221;off|off|off&#8221; global_colors_info=&#8221;{}&#8221; da_is_popup=&#8221;off&#8221; da_exit_intent=&#8221;off&#8221; da_has_close=&#8221;on&#8221; da_alt_close=&#8221;off&#8221; da_dark_close=&#8221;off&#8221; da_not_modal=&#8221;on&#8221; da_is_singular=&#8221;off&#8221; da_with_loader=&#8221;off&#8221; da_has_shadow=&#8221;on&#8221;][et_pb_row column_structure=&#8221;3_5,2_5&#8243; _builder_version=&#8221;4.16&#8243; custom_padding=&#8221;||0px|||&#8221; global_colors_info=&#8221;{}&#8221;][et_pb_column type=&#8221;3_5&#8243; _builder_version=&#8221;4.16&#8243; global_colors_info=&#8221;{}&#8221;][et_pb_text _builder_version=&#8221;4.16&#8243; custom_margin=&#8221;28px|||||&#8221; global_colors_info=&#8221;{}&#8221;]<\/p>\n<h2>Press Office<\/h2>\n<p>ComTexto Corporate Communication is an agency specializing in integrated solutions. For over 20 years in the market, it combines the experience of its journalists and advertising team in the planning and execution of projects of media and press relations. Headquartered in Araraquara with an office in Ribeir\u00e3o Preto, ComTexto has national presence.[\/et_pb_text][et_pb_text _builder_version=&#8221;4.16&#8243; custom_margin=&#8221;49px||64px|||&#8221; global_colors_info=&#8221;{}&#8221;]<\/p>\n<h2>Who we are<\/h2>\n<p>Ourofino Agroci\u00eancia is a Brazilian company, manufacturer of crop protection products. Its factory is located in Uberaba, in Minas Gerais, and has a production capacity of 120 million liters per year Over 50,000 m\u00b2 of built area, with modern equipment and automated Watch the video on the side to see the structure of our factory. More information on our website on ourofinoagro.com.br[\/et_pb_text][\/et_pb_column][et_pb_column type=&#8221;2_5&#8243; _builder_version=&#8221;4.16&#8243; global_colors_info=&#8221;{}&#8221;][et_pb_blurb title=&#8221; Andr\u00e9 Ricci&#8221; image=&#8221;https:\/\/ourofinoagro.com.br\/wp-content\/uploads\/2019\/08\/andre-ricci.jpg&#8221; icon_placement=&#8221;left&#8221; image_icon_width=&#8221;120px&#8221; _builder_version=&#8221;4.18.0&#8243; header_font=&#8221;||||||||&#8221; header_font_size=&#8221;23px&#8221; custom_margin=&#8221;0px||||false|false&#8221; custom_padding=&#8221;0px||||false|false&#8221; border_radii_image=&#8221;on|100px|100px|100px|100px&#8221; image_max_width=&#8221;120px&#8221; global_colors_info=&#8221;{}&#8221;]<\/p>\n<p>Corporate Communication<br \/>Phone: +55 (16) 3518-2000<\/p>\n<p>[\/et_pb_blurb][et_pb_blurb title=&#8221;Paula Cardoso&#8221; image=&#8221;https:\/\/ourofinoagro.com.br\/wp-content\/uploads\/2023\/06\/Logo_Grupo_inca.jpg&#8221; icon_placement=&#8221;left&#8221; image_icon_width=&#8221;120px&#8221; _builder_version=&#8221;4.21.0&#8243; header_font=&#8221;||||||||&#8221; header_font_size=&#8221;23px&#8221; custom_margin=&#8221;0px||||false|false&#8221; custom_padding=&#8221;0px||||false|false&#8221; hover_enabled=&#8221;0&#8243; border_radii_image=&#8221;on|100px|100px|100px|100px&#8221; image_max_width=&#8221;120px&#8221; locked=&#8221;off&#8221; global_colors_info=&#8221;{}&#8221; sticky_enabled=&#8221;0&#8243; title_text=&#8221;Logo_Grupo_inca&#8221; image_icon_custom_margin=&#8221;30px||||false|false&#8221;]<\/p>\n<p>Press office<br \/>Phone: +55 (16) 99785-7001<\/p>\n<p>[\/et_pb_blurb][et_pb_blurb title=&#8221;Nelson Silveira&#8221; image=&#8221;https:\/\/ourofinoagro.com.br\/wp-content\/uploads\/2023\/06\/Logo_Grupo_inca.jpg&#8221; icon_placement=&#8221;left&#8221; image_icon_width=&#8221;120px&#8221; _builder_version=&#8221;4.21.0&#8243; header_font=&#8221;||||||||&#8221; header_font_size=&#8221;23px&#8221; custom_margin=&#8221;0px||||false|false&#8221; custom_padding=&#8221;0px||||false|false&#8221; hover_enabled=&#8221;0&#8243; border_radii_image=&#8221;on|100px|100px|100px|100px&#8221; image_max_width=&#8221;120px&#8221; locked=&#8221;off&#8221; global_colors_info=&#8221;{}&#8221; title_text=&#8221;Logo_Grupo_inca&#8221; sticky_enabled=&#8221;0&#8243; image_icon_custom_margin=&#8221;30px||||false|false&#8221;]<\/p>\n<p>Press office<br \/>Phone: +55 (16) 99772-5907<\/p>\n<p>[\/et_pb_blurb][\/et_pb_column][\/et_pb_row][et_pb_row column_structure=&#8221;1_3,1_3,1_3&#8243; _builder_version=&#8221;4.17.4&#8243; custom_padding=&#8221;||0px|||&#8221; locked=&#8221;off&#8221; global_colors_info=&#8221;{}&#8221;][et_pb_column type=&#8221;1_3&#8243; _builder_version=&#8221;4.16&#8243; global_colors_info=&#8221;{}&#8221;][et_pb_text _builder_version=&#8221;4.21.0&#8243; header_3_text_color=&#8221;#ffffff&#8221; background_image=&#8221;https:\/\/ourofinoagro.com.br\/wp-content\/uploads\/2019\/08\/imprensa-dados-1.jpg&#8221; custom_padding=&#8221;60px|28px|60px|28px|true|true&#8221; hover_enabled=&#8221;0&#8243; global_colors_info=&#8221;{}&#8221; sticky_enabled=&#8221;0&#8243;]<\/p>\n<h3>200 million Kg \/ l of production capacity per year<\/h3>\n<p>[\/et_pb_text][\/et_pb_column][et_pb_column type=&#8221;1_3&#8243; _builder_version=&#8221;4.16&#8243; global_colors_info=&#8221;{}&#8221;][et_pb_text _builder_version=&#8221;4.18.0&#8243; header_3_text_color=&#8221;#ffffff&#8221; background_image=&#8221;https:\/\/ourofinoagro.com.br\/wp-content\/uploads\/2019\/08\/imprensa-dados-2.jpg&#8221; width=&#8221;100%&#8221; min_height=&#8221;197px&#8221; custom_padding=&#8221;60px|28px|60px|28px|true|true&#8221; global_colors_info=&#8221;{}&#8221;]<\/p>\n<h3>+ 620 employees registered<\/h3>\n<p>[\/et_pb_text][\/et_pb_column][et_pb_column type=&#8221;1_3&#8243; _builder_version=&#8221;4.17.4&#8243; _module_preset=&#8221;default&#8221; global_colors_info=&#8221;{}&#8221;][et_pb_text _builder_version=&#8221;4.18.0&#8243; header_3_text_color=&#8221;#ffffff&#8221; background_image=&#8221;https:\/\/ourofinoagro.com.br\/wp-content\/uploads\/2019\/08\/imprensa-dados-3.jpg&#8221; min_height=&#8221;204px&#8221; custom_padding=&#8221;60px|28px|60px|28px|true|true&#8221; global_colors_info=&#8221;{}&#8221;]<\/p>\n<h3>One of the most modern crop protection product factories<\/h3>\n<p>[\/et_pb_text][\/et_pb_column][\/et_pb_row][et_pb_row _builder_version=&#8221;4.16&#8243; custom_padding=&#8221;6px|||||&#8221; global_colors_info=&#8221;{}&#8221;][et_pb_column type=&#8221;4_4&#8243; _builder_version=&#8221;4.16&#8243; global_colors_info=&#8221;{}&#8221;][et_pb_text _builder_version=&#8221;4.16&#8243; custom_margin=&#8221;-7px||8px||false|false&#8221; custom_padding=&#8221;||16px|||&#8221; global_colors_info=&#8221;{}&#8221;]<\/p>\n<h2>Releases<\/h2>\n<p>[\/et_pb_text][et_pb_blog fullwidth=&#8221;off&#8221; posts_number=&#8221;3&#8243; include_categories=&#8221;12&#8243; show_author=&#8221;off&#8221; show_date=&#8221;off&#8221; show_categories=&#8221;off&#8221; _builder_version=&#8221;4.16&#8243; global_colors_info=&#8221;{}&#8221;][\/et_pb_blog][\/et_pb_column][\/et_pb_row][et_pb_row column_structure=&#8221;1_3,1_3,1_3&#8243; _builder_version=&#8221;4.16&#8243; global_colors_info=&#8221;{}&#8221;][et_pb_column type=&#8221;1_3&#8243; _builder_version=&#8221;4.16&#8243; global_colors_info=&#8221;{}&#8221;][et_pb_image src=&#8221;https:\/\/ourofinoagro.com.br\/wp-content\/uploads\/2019\/08\/fazenda-ourofino-agrociencia-aerea.jpg&#8221; show_in_lightbox=&#8221;on&#8221; _builder_version=&#8221;4.16&#8243; box_shadow_style=&#8221;preset1&#8243; global_colors_info=&#8221;{}&#8221;][\/et_pb_image][\/et_pb_column][et_pb_column type=&#8221;1_3&#8243; _builder_version=&#8221;4.16&#8243; global_colors_info=&#8221;{}&#8221;][et_pb_image src=&#8221;https:\/\/ourofinoagro.com.br\/wp-content\/uploads\/2019\/08\/interna-fabrica-ourofino-uberaba.jpg&#8221; show_in_lightbox=&#8221;on&#8221; _builder_version=&#8221;4.16&#8243; box_shadow_style=&#8221;preset1&#8243; global_colors_info=&#8221;{}&#8221;][\/et_pb_image][\/et_pb_column][et_pb_column type=&#8221;1_3&#8243; _builder_version=&#8221;4.16&#8243; global_colors_info=&#8221;{}&#8221;][et_pb_image src=&#8221;https:\/\/ourofinoagro.com.br\/wp-content\/uploads\/2019\/08\/ourofino-defensivos-uberaba-fabrica.jpg&#8221; show_in_lightbox=&#8221;on&#8221; _builder_version=&#8221;4.16&#8243; box_shadow_style=&#8221;preset1&#8243; global_colors_info=&#8221;{}&#8221;][\/et_pb_image][\/et_pb_column][\/et_pb_row][\/et_pb_section][et_pb_section fb_built=&#8221;1&#8243; disabled_on=&#8221;on|on|on&#8221; _builder_version=&#8221;3.27.4&#8243; background_color=&#8221;#edf000&#8243; background_enable_color=&#8221;off&#8221; width=&#8221;100%&#8221; max_width=&#8221;100%&#8221; custom_margin=&#8221;0px|0px|0px|0px|false|false&#8221; custom_padding=&#8221;0px|0px|0px|0px|false|false&#8221; da_disable_devices=&#8221;off|off|off&#8221; global_module=&#8221;1570&#8243; saved_tabs=&#8221;all&#8221; global_colors_info=&#8221;{}&#8221; da_is_popup=&#8221;off&#8221; da_exit_intent=&#8221;off&#8221; da_has_close=&#8221;on&#8221; da_alt_close=&#8221;off&#8221; da_dark_close=&#8221;off&#8221; da_not_modal=&#8221;on&#8221; da_is_singular=&#8221;off&#8221; da_with_loader=&#8221;off&#8221; da_has_shadow=&#8221;on&#8221;][et_pb_row _builder_version=&#8221;4.16&#8243; width=&#8221;100%&#8221; max_width=&#8221;100%&#8221; custom_margin=&#8221;0px|0px|0px|0px|false|false&#8221; custom_padding=&#8221;0px|0px|0px|0px|false|false&#8221; global_colors_info=&#8221;{}&#8221;][et_pb_column type=&#8221;4_4&#8243; _builder_version=&#8221;4.16&#8243; global_colors_info=&#8221;{}&#8221;][et_pb_image src=&#8221;https:\/\/ourofinoagro.com.br\/wp-content\/uploads\/2019\/08\/banner-fiquepordentro.png&#8221; force_fullwidth=&#8221;on&#8221; _builder_version=&#8221;4.16&#8243; min_height=&#8221;100%&#8221; height=&#8221;100%&#8221; max_height=&#8221;100%&#8221; custom_margin=&#8221;||||false|false&#8221; custom_padding=&#8221;||||false|false&#8221; global_colors_info=&#8221;{}&#8221;][\/et_pb_image][\/et_pb_column][\/et_pb_row][\/et_pb_section]<\/p>\n","protected":false},"excerpt":{"rendered":"<p>Press Office Here you can check the main news of our institution, our press releases, as well as a clipping of news and interviews with our main executives.Press Office ComTexto Corporate Communication is an agency specializing in integrated solutions. For over 20 years in the market, it combines the experience of its journalists and advertising [&hellip;]<\/p>\n","protected":false},"author":17,"featured_media":0,"parent":0,"menu_order":0,"comment_status":"closed","ping_status":"closed","template":"","meta":{"_et_pb_use_builder":"on","_et_pb_old_content":"<!-- wp:divi\/placeholder \/-->","_et_gb_content_width":"","inline_featured_image":false,"footnotes":""},"categories":[],"tags":[228],"dipi_cpt_category":[],"class_list":["post-4494","page","type-page","status-publish","hentry","tag-agrociencia-en"],"yoast_head":"<!-- This site is optimized with the Yoast SEO plugin v21.6 - https:\/\/yoast.com\/wordpress\/plugins\/seo\/ -->\n<title>Press Office - Ourofino Agroci\u00eancia<\/title>\n<meta name=\"robots\" content=\"index, follow, max-snippet:-1, max-image-preview:large, max-video-preview:-1\" \/>\n<link rel=\"canonical\" href=\"https:\/\/ourofinoagro.com.br\/en\/office\/\" \/>\n<meta property=\"og:locale\" content=\"en_US\" \/>\n<meta property=\"og:type\" content=\"article\" \/>\n<meta property=\"og:title\" content=\"Press Office - Ourofino Agroci\u00eancia\" \/>\n<meta property=\"og:description\" content=\"Press Office Here you can check the main news of our institution, our press releases, as well as a clipping of news and interviews with our main executives.Press Office ComTexto Corporate Communication is an agency specializing in integrated solutions. For over 20 years in the market, it combines the experience of its journalists and advertising [&hellip;]\" \/>\n<meta property=\"og:url\" content=\"https:\/\/ourofinoagro.com.br\/en\/office\/\" \/>\n<meta property=\"og:site_name\" content=\"Ourofino Agroci\u00eancia\" \/>\n<meta property=\"article:modified_time\" content=\"2023-07-31T11:48:51+00:00\" \/>\n<meta property=\"og:image\" content=\"https:\/\/ourofinoagro.com.br\/wp-content\/uploads\/2019\/08\/foto-topo-imprensa.jpg\" \/>\n<meta name=\"twitter:card\" content=\"summary_large_image\" \/>\n<meta name=\"twitter:image\" content=\"https:\/\/ourofinoagro.com.br\/wp-content\/uploads\/2019\/08\/foto-topo-imprensa.jpg\" \/>\n<meta name=\"twitter:label1\" content=\"Est. reading time\" \/>\n\t<meta name=\"twitter:data1\" content=\"7 minutes\" \/>\n<script type=\"application\/ld+json\" class=\"yoast-schema-graph\">{\"@context\":\"https:\/\/schema.org\",\"@graph\":[{\"@type\":\"WebPage\",\"@id\":\"https:\/\/ourofinoagro.com.br\/en\/office\/\",\"url\":\"https:\/\/ourofinoagro.com.br\/en\/office\/\",\"name\":\"Press Office - Ourofino Agroci\u00eancia\",\"isPartOf\":{\"@id\":\"https:\/\/ourofinoagro.com.br\/#website\"},\"datePublished\":\"2019-11-01T15:02:50+00:00\",\"dateModified\":\"2023-07-31T11:48:51+00:00\",\"breadcrumb\":{\"@id\":\"https:\/\/ourofinoagro.com.br\/en\/office\/#breadcrumb\"},\"inLanguage\":\"en-US\",\"potentialAction\":[{\"@type\":\"ReadAction\",\"target\":[\"https:\/\/ourofinoagro.com.br\/en\/office\/\"]}]},{\"@type\":\"BreadcrumbList\",\"@id\":\"https:\/\/ourofinoagro.com.br\/en\/office\/#breadcrumb\",\"itemListElement\":[{\"@type\":\"ListItem\",\"position\":1,\"name\":\"In\u00edcio\",\"item\":\"https:\/\/ourofinoagro.com.br\/en\/\"},{\"@type\":\"ListItem\",\"position\":2,\"name\":\"Press Office\"}]},{\"@type\":\"WebSite\",\"@id\":\"https:\/\/ourofinoagro.com.br\/#website\",\"url\":\"https:\/\/ourofinoagro.com.br\/\",\"name\":\"Ourofino Agroci\u00eancia\",\"description\":\"Nosso prop\u00f3sito de Reimaginar a Agricultura Brasileira est\u00e1 relacionado ao nosso compromisso em inspirar uma nova era de desenvolvimento, produtividade e crescimento.\",\"potentialAction\":[{\"@type\":\"SearchAction\",\"target\":{\"@type\":\"EntryPoint\",\"urlTemplate\":\"https:\/\/ourofinoagro.com.br\/?s={search_term_string}\"},\"query-input\":\"required name=search_term_string\"}],\"inLanguage\":\"en-US\"}]}<\/script>\n<!-- \/ Yoast SEO plugin. -->","yoast_head_json":{"title":"Press Office - Ourofino Agroci\u00eancia","robots":{"index":"index","follow":"follow","max-snippet":"max-snippet:-1","max-image-preview":"max-image-preview:large","max-video-preview":"max-video-preview:-1"},"canonical":"https:\/\/ourofinoagro.com.br\/en\/office\/","og_locale":"en_US","og_type":"article","og_title":"Press Office - Ourofino Agroci\u00eancia","og_description":"Press Office Here you can check the main news of our institution, our press releases, as well as a clipping of news and interviews with our main executives.Press Office ComTexto Corporate Communication is an agency specializing in integrated solutions. For over 20 years in the market, it combines the experience of its journalists and advertising [&hellip;]","og_url":"https:\/\/ourofinoagro.com.br\/en\/office\/","og_site_name":"Ourofino Agroci\u00eancia","article_modified_time":"2023-07-31T11:48:51+00:00","og_image":[{"url":"https:\/\/ourofinoagro.com.br\/wp-content\/uploads\/2019\/08\/foto-topo-imprensa.jpg"}],"twitter_card":"summary_large_image","twitter_image":"https:\/\/ourofinoagro.com.br\/wp-content\/uploads\/2019\/08\/foto-topo-imprensa.jpg","twitter_misc":{"Est. reading time":"7 minutes"},"schema":{"@context":"https:\/\/schema.org","@graph":[{"@type":"WebPage","@id":"https:\/\/ourofinoagro.com.br\/en\/office\/","url":"https:\/\/ourofinoagro.com.br\/en\/office\/","name":"Press Office - Ourofino Agroci\u00eancia","isPartOf":{"@id":"https:\/\/ourofinoagro.com.br\/#website"},"datePublished":"2019-11-01T15:02:50+00:00","dateModified":"2023-07-31T11:48:51+00:00","breadcrumb":{"@id":"https:\/\/ourofinoagro.com.br\/en\/office\/#breadcrumb"},"inLanguage":"en-US","potentialAction":[{"@type":"ReadAction","target":["https:\/\/ourofinoagro.com.br\/en\/office\/"]}]},{"@type":"BreadcrumbList","@id":"https:\/\/ourofinoagro.com.br\/en\/office\/#breadcrumb","itemListElement":[{"@type":"ListItem","position":1,"name":"In\u00edcio","item":"https:\/\/ourofinoagro.com.br\/en\/"},{"@type":"ListItem","position":2,"name":"Press Office"}]},{"@type":"WebSite","@id":"https:\/\/ourofinoagro.com.br\/#website","url":"https:\/\/ourofinoagro.com.br\/","name":"Ourofino Agroci\u00eancia","description":"Nosso prop\u00f3sito de Reimaginar a Agricultura Brasileira est\u00e1 relacionado ao nosso compromisso em inspirar uma nova era de desenvolvimento, produtividade e crescimento.","potentialAction":[{"@type":"SearchAction","target":{"@type":"EntryPoint","urlTemplate":"https:\/\/ourofinoagro.com.br\/?s={search_term_string}"},"query-input":"required name=search_term_string"}],"inLanguage":"en-US"}]}},"_links":{"self":[{"href":"https:\/\/ourofinoagro.com.br\/en\/wp-json\/wp\/v2\/pages\/4494"}],"collection":[{"href":"https:\/\/ourofinoagro.com.br\/en\/wp-json\/wp\/v2\/pages"}],"about":[{"href":"https:\/\/ourofinoagro.com.br\/en\/wp-json\/wp\/v2\/types\/page"}],"author":[{"embeddable":true,"href":"https:\/\/ourofinoagro.com.br\/en\/wp-json\/wp\/v2\/users\/17"}],"replies":[{"embeddable":true,"href":"https:\/\/ourofinoagro.com.br\/en\/wp-json\/wp\/v2\/comments?post=4494"}],"version-history":[{"count":10,"href":"https:\/\/ourofinoagro.com.br\/en\/wp-json\/wp\/v2\/pages\/4494\/revisions"}],"predecessor-version":[{"id":257827,"href":"https:\/\/ourofinoagro.com.br\/en\/wp-json\/wp\/v2\/pages\/4494\/revisions\/257827"}],"wp:attachment":[{"href":"https:\/\/ourofinoagro.com.br\/en\/wp-json\/wp\/v2\/media?parent=4494"}],"wp:term":[{"taxonomy":"category","embeddable":true,"href":"https:\/\/ourofinoagro.com.br\/en\/wp-json\/wp\/v2\/categories?post=4494"},{"taxonomy":"post_tag","embeddable":true,"href":"https:\/\/ourofinoagro.com.br\/en\/wp-json\/wp\/v2\/tags?post=4494"},{"taxonomy":"dipi_cpt_category","embeddable":true,"href":"https:\/\/ourofinoagro.com.br\/en\/wp-json\/wp\/v2\/dipi_cpt_category?post=4494"}],"curies":[{"name":"wp","href":"https:\/\/api.w.org\/{rel}","templated":true}]}}