{"id":4511,"date":"2019-11-01T15:58:18","date_gmt":"2019-11-01T18:58:18","guid":{"rendered":"https:\/\/ourofinoagro.com.br\/our-cultures\/"},"modified":"2024-08-21T08:50:38","modified_gmt":"2024-08-21T11:50:38","slug":"crops","status":"publish","type":"page","link":"https:\/\/ourofinoagro.com.br\/en\/crops\/","title":{"rendered":"Crops"},"content":{"rendered":"<p>[et_pb_section fb_built=&#8221;1&#8243; _builder_version=&#8221;4.16&#8243; background_image=&#8221;https:\/\/ourofinoagro.com.br\/wp-content\/uploads\/2019\/08\/banner-nossas-culturas.jpg&#8221; background_position=&#8221;bottom_right&#8221; background_blend=&#8221;darken&#8221; custom_margin=&#8221;||||false|false&#8221; custom_padding=&#8221;215px||60px||false|false&#8221; da_disable_devices=&#8221;off|off|off&#8221; global_colors_info=&#8221;{}&#8221; da_is_popup=&#8221;off&#8221; da_exit_intent=&#8221;off&#8221; da_has_close=&#8221;on&#8221; da_alt_close=&#8221;off&#8221; da_dark_close=&#8221;off&#8221; da_not_modal=&#8221;on&#8221; da_is_singular=&#8221;off&#8221; da_with_loader=&#8221;off&#8221; da_has_shadow=&#8221;on&#8221;][et_pb_row _builder_version=&#8221;4.16&#8243; custom_padding=&#8221;||47px|||&#8221; global_colors_info=&#8221;{}&#8221;][et_pb_column type=&#8221;4_4&#8243; _builder_version=&#8221;4.16&#8243; global_colors_info=&#8221;{}&#8221;][et_pb_text _builder_version=&#8221;4.16&#8243; text_text_color=&#8221;#ffffff&#8221; header_font=&#8221;|300|||||||&#8221; header_text_color=&#8221;#ffffff&#8221; header_font_size=&#8221;50px&#8221; custom_margin=&#8221;0px||0px||false|false&#8221; custom_padding=&#8221;0px||0px||false|false&#8221; text_text_align=&#8221;left&#8221; global_colors_info=&#8221;{}&#8221;]<\/p>\n<h1>Crops<\/h1>\n<p>[\/et_pb_text][\/et_pb_column][\/et_pb_row][\/et_pb_section][et_pb_section fb_built=&#8221;1&#8243; _builder_version=&#8221;4.16&#8243; da_disable_devices=&#8221;off|off|off&#8221; global_colors_info=&#8221;{}&#8221; da_is_popup=&#8221;off&#8221; da_exit_intent=&#8221;off&#8221; da_has_close=&#8221;on&#8221; da_alt_close=&#8221;off&#8221; da_dark_close=&#8221;off&#8221; da_not_modal=&#8221;on&#8221; da_is_singular=&#8221;off&#8221; da_with_loader=&#8221;off&#8221; da_has_shadow=&#8221;on&#8221;][et_pb_row column_structure=&#8221;1_4,1_4,1_4,1_4&#8243; _builder_version=&#8221;4.21.0&#8243; hover_enabled=&#8221;0&#8243; global_colors_info=&#8221;{}&#8221; background__hover_enabled=&#8221;on&#8221; background_enable_color__hover=&#8221;on&#8221; sticky_enabled=&#8221;0&#8243;][et_pb_column type=&#8221;1_4&#8243; _builder_version=&#8221;4.21.0&#8243; custom_padding=&#8221;35px|35px|35px|35px|true|true&#8221; hover_enabled=&#8221;0&#8243; border_width_all=&#8221;1px&#8221; border_color_all=&#8221;#efefef&#8221; global_colors_info=&#8221;{}&#8221; background_color__hover=&#8221;rgba(114,189,76,0.05)&#8221; background_enable_color__hover=&#8221;on&#8221; background__hover_enabled=&#8221;on&#8221; link_option_url=&#8221;https:\/\/ourofinoagro.com.br\/en\/crops\/corn\/&#8221; link_option_url_new_window=&#8221;on&#8221; sticky_enabled=&#8221;0&#8243;][et_pb_image src=&#8221;https:\/\/ourofinoagro.com.br\/wp-content\/uploads\/2019\/08\/icone-cultura-milho.png&#8221; align=&#8221;center&#8221; _builder_version=&#8221;4.21.0&#8243; hover_enabled=&#8221;0&#8243; global_colors_info=&#8221;{}&#8221; url=&#8221;https:\/\/ourofinoagro.com.br\/en\/crops\/corn\/&#8221; url_new_window=&#8221;on&#8221; sticky_enabled=&#8221;0&#8243;][\/et_pb_image][et_pb_text _builder_version=&#8221;4.21.0&#8243; text_orientation=&#8221;center&#8221; hover_enabled=&#8221;0&#8243; text_text_align=&#8221;center&#8221; global_colors_info=&#8221;{}&#8221; sticky_enabled=&#8221;0&#8243; link_option_url=&#8221;https:\/\/ourofinoagro.com.br\/en\/crops\/corn\/&#8221; link_option_url_new_window=&#8221;on&#8221;]<\/p>\n<h2 style=\"text-align: center;\">Corn<\/h2>\n<p style=\"text-align: center;\">Zea sp.<\/p>\n<p>[\/et_pb_text][et_pb_button button_url=&#8221;https:\/\/ourofinoagro.com.br\/en\/crops\/corn\/&#8221; button_text=&#8221;know more&#8221; button_alignment=&#8221;center&#8221; _builder_version=&#8221;4.21.0&#8243; hover_enabled=&#8221;0&#8243; global_colors_info=&#8221;{}&#8221; url_new_window=&#8221;on&#8221; sticky_enabled=&#8221;0&#8243;][\/et_pb_button][\/et_pb_column][et_pb_column type=&#8221;1_4&#8243; _builder_version=&#8221;4.21.0&#8243; custom_padding=&#8221;35px|35px|35px|35px|true|true&#8221; hover_enabled=&#8221;0&#8243; border_width_all=&#8221;1px&#8221; border_color_all=&#8221;#efefef&#8221; global_colors_info=&#8221;{}&#8221; background__hover_enabled=&#8221;on&#8221; background_color__hover=&#8221;rgba(114,189,76,0.05)&#8221; background_enable_color__hover=&#8221;on&#8221; link_option_url=&#8221;https:\/\/ourofinoagro.com.br\/en\/crops\/cotton\/&#8221; link_option_url_new_window=&#8221;on&#8221; sticky_enabled=&#8221;0&#8243;][et_pb_image src=&#8221;https:\/\/ourofinoagro.com.br\/wp-content\/uploads\/2019\/08\/icone-cultura-algodao.png&#8221; align=&#8221;center&#8221; _builder_version=&#8221;4.21.0&#8243; hover_enabled=&#8221;0&#8243; global_colors_info=&#8221;{}&#8221; url=&#8221;https:\/\/ourofinoagro.com.br\/en\/crops\/cotton\/&#8221; url_new_window=&#8221;on&#8221; sticky_enabled=&#8221;0&#8243;][\/et_pb_image][et_pb_text _builder_version=&#8221;4.21.0&#8243; text_orientation=&#8221;center&#8221; hover_enabled=&#8221;0&#8243; text_text_align=&#8221;center&#8221; global_colors_info=&#8221;{}&#8221; sticky_enabled=&#8221;0&#8243; link_option_url=&#8221;https:\/\/ourofinoagro.com.br\/en\/crops\/cotton\/&#8221; link_option_url_new_window=&#8221;on&#8221;]<\/p>\n<h2 style=\"text-align: center;\">Cotton<\/h2>\n<p style=\"text-align: center;\">Gossypium sp.<\/p>\n<p>[\/et_pb_text][et_pb_button button_url=&#8221;https:\/\/ourofinoagro.com.br\/en\/crops\/cotton\/&#8221; button_text=&#8221;know more&#8221; button_alignment=&#8221;center&#8221; _builder_version=&#8221;4.21.0&#8243; hover_enabled=&#8221;0&#8243; global_colors_info=&#8221;{}&#8221; url_new_window=&#8221;on&#8221; sticky_enabled=&#8221;0&#8243;][\/et_pb_button][\/et_pb_column][et_pb_column type=&#8221;1_4&#8243; _builder_version=&#8221;4.21.0&#8243; custom_padding=&#8221;35px|35px|35px|35px|true|true&#8221; hover_enabled=&#8221;0&#8243; border_width_all=&#8221;1px&#8221; border_color_all=&#8221;#efefef&#8221; global_colors_info=&#8221;{}&#8221; background_color__hover=&#8221;rgba(114,189,76,0.05)&#8221; background_enable_color__hover=&#8221;on&#8221; background__hover_enabled=&#8221;on&#8221; link_option_url=&#8221;https:\/\/ourofinoagro.com.br\/en\/crops\/soy\/&#8221; link_option_url_new_window=&#8221;on&#8221; sticky_enabled=&#8221;0&#8243;][et_pb_image src=&#8221;https:\/\/ourofinoagro.com.br\/wp-content\/uploads\/2019\/08\/icone-cultura-soja.png&#8221; align=&#8221;center&#8221; _builder_version=&#8221;4.21.0&#8243; hover_enabled=&#8221;0&#8243; global_colors_info=&#8221;{}&#8221; url=&#8221;https:\/\/ourofinoagro.com.br\/en\/crops\/soy\/&#8221; url_new_window=&#8221;on&#8221; sticky_enabled=&#8221;0&#8243;][\/et_pb_image][et_pb_text _builder_version=&#8221;4.21.0&#8243; text_orientation=&#8221;center&#8221; hover_enabled=&#8221;0&#8243; text_text_align=&#8221;center&#8221; global_colors_info=&#8221;{}&#8221; sticky_enabled=&#8221;0&#8243; link_option_url=&#8221;https:\/\/ourofinoagro.com.br\/en\/crops\/soy\/&#8221; link_option_url_new_window=&#8221;on&#8221;]<\/p>\n<h2 style=\"text-align: center;\">Soy<\/h2>\n<p style=\"text-align: center;\">Glycine sp.<\/p>\n<p>[\/et_pb_text][et_pb_button button_url=&#8221;https:\/\/ourofinoagro.com.br\/en\/crops\/soy\/&#8221; button_text=&#8221;know more&#8221; button_alignment=&#8221;center&#8221; _builder_version=&#8221;4.21.0&#8243; hover_enabled=&#8221;0&#8243; global_colors_info=&#8221;{}&#8221; url_new_window=&#8221;on&#8221; sticky_enabled=&#8221;0&#8243;][\/et_pb_button][\/et_pb_column][et_pb_column type=&#8221;1_4&#8243; _builder_version=&#8221;4.21.0&#8243; custom_padding=&#8221;35px|23px|35px|23px|true|true&#8221; hover_enabled=&#8221;0&#8243; border_width_all=&#8221;1px&#8221; border_color_all=&#8221;#efefef&#8221; global_colors_info=&#8221;{}&#8221; background_color__hover=&#8221;rgba(114,189,76,0.05)&#8221; background_enable_color__hover=&#8221;on&#8221; background__hover_enabled=&#8221;on&#8221; link_option_url=&#8221;https:\/\/ourofinoagro.com.br\/en\/crops\/sugar-cane\/&#8221; link_option_url_new_window=&#8221;on&#8221; sticky_enabled=&#8221;0&#8243;][et_pb_image src=&#8221;https:\/\/ourofinoagro.com.br\/wp-content\/uploads\/2019\/08\/icone-cultura-cana-de-acucar.png&#8221; align=&#8221;center&#8221; _builder_version=&#8221;4.21.0&#8243; hover_enabled=&#8221;0&#8243; global_colors_info=&#8221;{}&#8221; url=&#8221;https:\/\/ourofinoagro.com.br\/en\/crops\/sugar-cane\/&#8221; url_new_window=&#8221;on&#8221; sticky_enabled=&#8221;0&#8243;][\/et_pb_image][et_pb_text _builder_version=&#8221;4.21.0&#8243; text_orientation=&#8221;center&#8221; hover_enabled=&#8221;0&#8243; text_text_align=&#8221;center&#8221; global_colors_info=&#8221;{}&#8221; sticky_enabled=&#8221;0&#8243; link_option_url=&#8221;https:\/\/ourofinoagro.com.br\/en\/crops\/sugar-cane\/&#8221; link_option_url_new_window=&#8221;on&#8221;]<\/p>\n<h2 style=\"text-align: center;\">Sugar cane<\/h2>\n<p style=\"text-align: center;\">Saccharum sp.<\/p>\n<p>[\/et_pb_text][et_pb_button button_url=&#8221;https:\/\/ourofinoagro.com.br\/en\/crops\/sugar-cane\/&#8221; button_text=&#8221;know more&#8221; button_alignment=&#8221;center&#8221; _builder_version=&#8221;4.21.0&#8243; hover_enabled=&#8221;0&#8243; global_colors_info=&#8221;{}&#8221; url_new_window=&#8221;on&#8221; sticky_enabled=&#8221;0&#8243;][\/et_pb_button][\/et_pb_column][\/et_pb_row][\/et_pb_section]<\/p>\n","protected":false},"excerpt":{"rendered":"<p>CropsCorn Zea sp.Cotton Gossypium sp.Soy Glycine sp.Sugar cane Saccharum sp.<\/p>\n","protected":false},"author":17,"featured_media":16493,"parent":0,"menu_order":0,"comment_status":"closed","ping_status":"closed","template":"","meta":{"_et_pb_use_builder":"on","_et_pb_old_content":"<!-- wp:divi\/placeholder \/-->","_et_gb_content_width":"","inline_featured_image":false,"footnotes":""},"categories":[],"tags":[],"dipi_cpt_category":[],"class_list":["post-4511","page","type-page","status-publish","has-post-thumbnail","hentry"],"yoast_head":"<!-- This site is optimized with the Yoast SEO plugin v21.6 - https:\/\/yoast.com\/wordpress\/plugins\/seo\/ -->\n<title>Crops - Ourofino Agroci\u00eancia<\/title>\n<meta name=\"robots\" content=\"index, follow, max-snippet:-1, max-image-preview:large, max-video-preview:-1\" \/>\n<link rel=\"canonical\" href=\"https:\/\/ourofinoagro.com.br\/en\/crops\/\" \/>\n<meta property=\"og:locale\" content=\"en_US\" \/>\n<meta property=\"og:type\" content=\"article\" \/>\n<meta property=\"og:title\" content=\"Crops - Ourofino Agroci\u00eancia\" \/>\n<meta property=\"og:description\" content=\"CropsCorn Zea sp.Cotton Gossypium sp.Soy Glycine sp.Sugar cane Saccharum sp.\" \/>\n<meta property=\"og:url\" content=\"https:\/\/ourofinoagro.com.br\/en\/crops\/\" \/>\n<meta property=\"og:site_name\" content=\"Ourofino Agroci\u00eancia\" \/>\n<meta property=\"article:modified_time\" content=\"2024-08-21T11:50:38+00:00\" \/>\n<meta property=\"og:image\" content=\"https:\/\/ourofinoagro.com.br\/wp-content\/uploads\/2019\/08\/banner-nossas-culturas.jpg\" \/>\n<meta name=\"twitter:card\" content=\"summary_large_image\" \/>\n<meta name=\"twitter:image\" content=\"https:\/\/ourofinoagro.com.br\/wp-content\/uploads\/2019\/08\/banner-nossas-culturas.jpg\" \/>\n<meta name=\"twitter:label1\" content=\"Est. reading time\" \/>\n\t<meta name=\"twitter:data1\" content=\"5 minutes\" \/>\n<script type=\"application\/ld+json\" class=\"yoast-schema-graph\">{\"@context\":\"https:\/\/schema.org\",\"@graph\":[{\"@type\":\"WebPage\",\"@id\":\"https:\/\/ourofinoagro.com.br\/en\/crops\/\",\"url\":\"https:\/\/ourofinoagro.com.br\/en\/crops\/\",\"name\":\"Crops - Ourofino Agroci\u00eancia\",\"isPartOf\":{\"@id\":\"https:\/\/ourofinoagro.com.br\/#website\"},\"datePublished\":\"2019-11-01T18:58:18+00:00\",\"dateModified\":\"2024-08-21T11:50:38+00:00\",\"breadcrumb\":{\"@id\":\"https:\/\/ourofinoagro.com.br\/en\/crops\/#breadcrumb\"},\"inLanguage\":\"en-US\",\"potentialAction\":[{\"@type\":\"ReadAction\",\"target\":[\"https:\/\/ourofinoagro.com.br\/en\/crops\/\"]}]},{\"@type\":\"BreadcrumbList\",\"@id\":\"https:\/\/ourofinoagro.com.br\/en\/crops\/#breadcrumb\",\"itemListElement\":[{\"@type\":\"ListItem\",\"position\":1,\"name\":\"In\u00edcio\",\"item\":\"https:\/\/ourofinoagro.com.br\/en\/\"},{\"@type\":\"ListItem\",\"position\":2,\"name\":\"Crops\"}]},{\"@type\":\"WebSite\",\"@id\":\"https:\/\/ourofinoagro.com.br\/#website\",\"url\":\"https:\/\/ourofinoagro.com.br\/\",\"name\":\"Ourofino Agroci\u00eancia\",\"description\":\"Nosso prop\u00f3sito de Reimaginar a Agricultura Brasileira est\u00e1 relacionado ao nosso compromisso em inspirar uma nova era de desenvolvimento, produtividade e crescimento.\",\"potentialAction\":[{\"@type\":\"SearchAction\",\"target\":{\"@type\":\"EntryPoint\",\"urlTemplate\":\"https:\/\/ourofinoagro.com.br\/?s={search_term_string}\"},\"query-input\":\"required name=search_term_string\"}],\"inLanguage\":\"en-US\"}]}<\/script>\n<!-- \/ Yoast SEO plugin. -->","yoast_head_json":{"title":"Crops - Ourofino Agroci\u00eancia","robots":{"index":"index","follow":"follow","max-snippet":"max-snippet:-1","max-image-preview":"max-image-preview:large","max-video-preview":"max-video-preview:-1"},"canonical":"https:\/\/ourofinoagro.com.br\/en\/crops\/","og_locale":"en_US","og_type":"article","og_title":"Crops - Ourofino Agroci\u00eancia","og_description":"CropsCorn Zea sp.Cotton Gossypium sp.Soy Glycine sp.Sugar cane Saccharum sp.","og_url":"https:\/\/ourofinoagro.com.br\/en\/crops\/","og_site_name":"Ourofino Agroci\u00eancia","article_modified_time":"2024-08-21T11:50:38+00:00","og_image":[{"url":"https:\/\/ourofinoagro.com.br\/wp-content\/uploads\/2019\/08\/banner-nossas-culturas.jpg"}],"twitter_card":"summary_large_image","twitter_image":"https:\/\/ourofinoagro.com.br\/wp-content\/uploads\/2019\/08\/banner-nossas-culturas.jpg","twitter_misc":{"Est. reading time":"5 minutes"},"schema":{"@context":"https:\/\/schema.org","@graph":[{"@type":"WebPage","@id":"https:\/\/ourofinoagro.com.br\/en\/crops\/","url":"https:\/\/ourofinoagro.com.br\/en\/crops\/","name":"Crops - Ourofino Agroci\u00eancia","isPartOf":{"@id":"https:\/\/ourofinoagro.com.br\/#website"},"datePublished":"2019-11-01T18:58:18+00:00","dateModified":"2024-08-21T11:50:38+00:00","breadcrumb":{"@id":"https:\/\/ourofinoagro.com.br\/en\/crops\/#breadcrumb"},"inLanguage":"en-US","potentialAction":[{"@type":"ReadAction","target":["https:\/\/ourofinoagro.com.br\/en\/crops\/"]}]},{"@type":"BreadcrumbList","@id":"https:\/\/ourofinoagro.com.br\/en\/crops\/#breadcrumb","itemListElement":[{"@type":"ListItem","position":1,"name":"In\u00edcio","item":"https:\/\/ourofinoagro.com.br\/en\/"},{"@type":"ListItem","position":2,"name":"Crops"}]},{"@type":"WebSite","@id":"https:\/\/ourofinoagro.com.br\/#website","url":"https:\/\/ourofinoagro.com.br\/","name":"Ourofino Agroci\u00eancia","description":"Nosso prop\u00f3sito de Reimaginar a Agricultura Brasileira est\u00e1 relacionado ao nosso compromisso em inspirar uma nova era de desenvolvimento, produtividade e crescimento.","potentialAction":[{"@type":"SearchAction","target":{"@type":"EntryPoint","urlTemplate":"https:\/\/ourofinoagro.com.br\/?s={search_term_string}"},"query-input":"required name=search_term_string"}],"inLanguage":"en-US"}]}},"_links":{"self":[{"href":"https:\/\/ourofinoagro.com.br\/en\/wp-json\/wp\/v2\/pages\/4511"}],"collection":[{"href":"https:\/\/ourofinoagro.com.br\/en\/wp-json\/wp\/v2\/pages"}],"about":[{"href":"https:\/\/ourofinoagro.com.br\/en\/wp-json\/wp\/v2\/types\/page"}],"author":[{"embeddable":true,"href":"https:\/\/ourofinoagro.com.br\/en\/wp-json\/wp\/v2\/users\/17"}],"replies":[{"embeddable":true,"href":"https:\/\/ourofinoagro.com.br\/en\/wp-json\/wp\/v2\/comments?post=4511"}],"version-history":[{"count":9,"href":"https:\/\/ourofinoagro.com.br\/en\/wp-json\/wp\/v2\/pages\/4511\/revisions"}],"predecessor-version":[{"id":263472,"href":"https:\/\/ourofinoagro.com.br\/en\/wp-json\/wp\/v2\/pages\/4511\/revisions\/263472"}],"wp:featuredmedia":[{"embeddable":true,"href":"https:\/\/ourofinoagro.com.br\/en\/wp-json\/wp\/v2\/media\/16493"}],"wp:attachment":[{"href":"https:\/\/ourofinoagro.com.br\/en\/wp-json\/wp\/v2\/media?parent=4511"}],"wp:term":[{"taxonomy":"category","embeddable":true,"href":"https:\/\/ourofinoagro.com.br\/en\/wp-json\/wp\/v2\/categories?post=4511"},{"taxonomy":"post_tag","embeddable":true,"href":"https:\/\/ourofinoagro.com.br\/en\/wp-json\/wp\/v2\/tags?post=4511"},{"taxonomy":"dipi_cpt_category","embeddable":true,"href":"https:\/\/ourofinoagro.com.br\/en\/wp-json\/wp\/v2\/dipi_cpt_category?post=4511"}],"curies":[{"name":"wp","href":"https:\/\/api.w.org\/{rel}","templated":true}]}}