{"id":4525,"date":"2019-11-04T15:15:43","date_gmt":"2019-11-04T18:15:43","guid":{"rendered":"https:\/\/ourofinoagro.com.br\/hotsites\/"},"modified":"2020-07-29T12:49:40","modified_gmt":"2020-07-29T15:49:40","slug":"hotsites","status":"publish","type":"page","link":"https:\/\/ourofinoagro.com.br\/en\/hotsites\/","title":{"rendered":"Hotsites"},"content":{"rendered":"<p>[et_pb_section fb_built=&#8221;1&#8243; _builder_version=&#8221;3.27.3&#8243; background_image=&#8221;https:\/\/ourofinoagro.com.br\/wp-content\/uploads\/2019\/08\/foto-topo-hotsite.jpg&#8221; background_position=&#8221;center_right&#8221; background_blend=&#8221;darken&#8221; min_height=&#8221;549px&#8221; custom_margin=&#8221;||1px|||&#8221; custom_padding=&#8221;9px||19px|||&#8221; da_disable_devices=&#8221;off|off|off&#8221; da_is_popup=&#8221;off&#8221; da_exit_intent=&#8221;off&#8221; da_has_close=&#8221;on&#8221; da_alt_close=&#8221;off&#8221; da_dark_close=&#8221;off&#8221; da_not_modal=&#8221;on&#8221; da_is_singular=&#8221;off&#8221; da_with_loader=&#8221;off&#8221; da_has_shadow=&#8221;on&#8221;][et_pb_row column_structure=&#8221;3_5,2_5&#8243; custom_padding_last_edited=&#8221;on|phone&#8221; _builder_version=&#8221;3.27.3&#8243; custom_padding=&#8221;260px||7px||false|false&#8221; custom_padding_tablet=&#8221;200px||7px||false|false&#8221; custom_padding_phone=&#8221;0px||||false|false&#8221;][et_pb_column type=&#8221;3_5&#8243; _builder_version=&#8221;3.26.6&#8243;][\/et_pb_column][et_pb_column type=&#8221;2_5&#8243; _builder_version=&#8221;3.26.6&#8243;][et_pb_text _builder_version=&#8221;4.5.1&#8243; text_text_color=&#8221;#ffffff&#8221; header_font=&#8221;|300|||||||&#8221; header_text_color=&#8221;#ffffff&#8221; header_font_size=&#8221;40px&#8221; background_image=&#8221;https:\/\/ourofinoagro.com.br\/wp-content\/uploads\/2019\/08\/home-division.png&#8221; max_width=&#8221;346px&#8221; min_height=&#8221;256px&#8221; custom_margin=&#8221;-1px||-15px||false|false&#8221; custom_margin_tablet=&#8221;||-24px||false|false&#8221; custom_margin_phone=&#8221;94px||-18px||false|false&#8221; custom_margin_last_edited=&#8221;on|phone&#8221; custom_padding=&#8221;88px|34px|134px|34px|false|true&#8221; header_font_size_tablet=&#8221;&#8221; header_font_size_phone=&#8221;42px&#8221; header_font_size_last_edited=&#8221;on|phone&#8221; header_text_shadow_style=&#8221;preset4&#8243; header_text_shadow_horizontal_length=&#8221;0.02em&#8221; header_text_shadow_vertical_length=&#8221;0.02em&#8221; locked=&#8221;off&#8221;]<\/p>\n<h1>Hotsites<\/h1>\n<p>&nbsp;<\/p>\n<p>[\/et_pb_text][\/et_pb_column][\/et_pb_row][\/et_pb_section][et_pb_section fb_built=&#8221;1&#8243; _builder_version=&#8221;3.27.3&#8243; background_color=&#8221;#ffffff&#8221; custom_margin=&#8221;-4px||||false|false&#8221; custom_padding=&#8221;8px||3px|||&#8221; da_disable_devices=&#8221;off|off|off&#8221; da_is_popup=&#8221;off&#8221; da_exit_intent=&#8221;off&#8221; da_has_close=&#8221;on&#8221; da_alt_close=&#8221;off&#8221; da_dark_close=&#8221;off&#8221; da_not_modal=&#8221;on&#8221; da_is_singular=&#8221;off&#8221; da_with_loader=&#8221;off&#8221; da_has_shadow=&#8221;on&#8221;][et_pb_row _builder_version=&#8221;3.27.3&#8243; width=&#8221;100%&#8221; custom_margin=&#8221;|auto|-7px|auto|false|false&#8221; custom_padding=&#8221;3px||||false|false&#8221;][et_pb_column type=&#8221;4_4&#8243; _builder_version=&#8221;3.27.2&#8243;][et_pb_image src=&#8221;https:\/\/ourofinoagro.com.br\/wp-content\/uploads\/2019\/08\/bg-branco.png&#8221; force_fullwidth=&#8221;on&#8221; _builder_version=&#8221;3.27.3&#8243; custom_margin=&#8221;-109px||||false|false&#8221; custom_margin_tablet=&#8221;-64px||||false|false&#8221; custom_margin_phone=&#8221;-58px||||false|false&#8221; custom_margin_last_edited=&#8221;on|phone&#8221; custom_padding=&#8221;||||false|false&#8221; border_width_bottom=&#8221;22px&#8221; border_color_bottom=&#8221;#ffffff&#8221;][\/et_pb_image][\/et_pb_column][\/et_pb_row][\/et_pb_section][et_pb_section fb_built=&#8221;1&#8243; _builder_version=&#8221;3.26.6&#8243; da_disable_devices=&#8221;off|off|off&#8221; da_is_popup=&#8221;off&#8221; da_exit_intent=&#8221;off&#8221; da_has_close=&#8221;on&#8221; da_alt_close=&#8221;off&#8221; da_dark_close=&#8221;off&#8221; da_not_modal=&#8221;on&#8221; da_is_singular=&#8221;off&#8221; da_with_loader=&#8221;off&#8221; da_has_shadow=&#8221;on&#8221;][et_pb_row column_structure=&#8221;1_4,1_4,1_4,1_4&#8243; use_custom_gutter=&#8221;on&#8221; gutter_width=&#8221;1&#8243; make_equal=&#8221;on&#8221; _builder_version=&#8221;3.26.6&#8243;][et_pb_column type=&#8221;1_4&#8243; _builder_version=&#8221;3.26.6&#8243;][et_pb_image src=&#8221;https:\/\/ourofinoagro.com.br\/wp-content\/uploads\/2019\/08\/hotsite-agroencontro.jpg&#8221; show_bottom_space=&#8221;off&#8221; _builder_version=&#8221;4.5.1&#8243; hover_enabled=&#8221;0&#8243; show_bottom_space_last_edited=&#8221;on|phone&#8221; show_bottom_space_phone=&#8221;on&#8221; custom_margin=&#8221;||18px||false|false&#8221; custom_padding=&#8221;||0px||false|false&#8221;][\/et_pb_image][\/et_pb_column][et_pb_column type=&#8221;1_4&#8243; _builder_version=&#8221;3.26.6&#8243;][et_pb_text _builder_version=&#8221;4.5.1&#8243; header_2_font_size=&#8221;28px&#8221; custom_margin=&#8221;||||false|false&#8221; custom_padding=&#8221;|25px|30px||false|false&#8221; hover_enabled=&#8221;0&#8243; custom_margin_last_edited=&#8221;on|phone&#8221; custom_margin_phone=&#8221;||-10px||false|false&#8221;]<\/p>\n<h2>AgroEncontro<\/h2>\n<p>AgroEncontro is an event organized by Ourofino Agroci\u00eancia, along with partner companies of the sector, and aims to bring together professionals from different segments of Brazilian Agribusiness to present new technologies for agricultural production.[\/et_pb_text][et_pb_button button_url=&#8221;http:\/\/agroencontro.com.br\/&#8221; url_new_window=&#8221;on&#8221; button_text=&#8221;Visit&#8221; _builder_version=&#8221;4.5.1&#8243; hover_enabled=&#8221;0&#8243; custom_margin_last_edited=&#8221;on|phone&#8221; custom_padding=&#8221;||0px||false|false&#8221; custom_margin_phone=&#8221;||16px||false|false&#8221;][\/et_pb_button][\/et_pb_column][et_pb_column type=&#8221;1_4&#8243; _builder_version=&#8221;3.26.6&#8243;][et_pb_image src=&#8221;https:\/\/ourofinoagro.com.br\/wp-content\/uploads\/2019\/08\/hotsite-nossa-fabrica.jpg&#8221; _builder_version=&#8221;3.26.6&#8243; show_bottom_space=&#8221;off&#8221; show_bottom_space_phone=&#8221;on&#8221; show_bottom_space_last_edited=&#8221;on|phone&#8221; custom_margin=&#8221;||18px||false|false&#8221; custom_padding=&#8221;||0px||false|false&#8221;][\/et_pb_image][\/et_pb_column][et_pb_column type=&#8221;1_4&#8243; _builder_version=&#8221;3.26.6&#8243;][et_pb_text _builder_version=&#8221;3.27.4&#8243; header_2_font_size=&#8221;28px&#8221; custom_margin=&#8221;||30px|||&#8221;]<\/p>\n<h2>Our Factory<\/h2>\n<p>Privileged location; modern equipment; highly automated production process, focused on work safety; quality of processes; employees&#8217; health and care for the environment.[\/et_pb_text][et_pb_button button_url=&#8221;https:\/\/ourofinoagro.com.br\/en\/factory\/&#8221; url_new_window=&#8221;on&#8221; button_text=&#8221;Visit&#8221; _builder_version=&#8221;4.5.1&#8243; custom_padding=&#8221;||0px||false|false&#8221; custom_margin_last_edited=&#8221;on|phone&#8221; hover_enabled=&#8221;0&#8243; custom_margin_phone=&#8221;||-59px||false|false&#8221;][\/et_pb_button][\/et_pb_column][\/et_pb_row][et_pb_row column_structure=&#8221;1_4,1_4,1_4,1_4&#8243; use_custom_gutter=&#8221;on&#8221; gutter_width=&#8221;1&#8243; make_equal=&#8221;on&#8221; _builder_version=&#8221;3.26.6&#8243; custom_padding=&#8221;56px|||||&#8221;][et_pb_column type=&#8221;1_4&#8243; _builder_version=&#8221;3.26.6&#8243;][et_pb_image src=&#8221;https:\/\/ourofinoagro.com.br\/wp-content\/uploads\/2019\/08\/hotsite-historia.jpg&#8221; _builder_version=&#8221;3.26.6&#8243; show_bottom_space=&#8221;off&#8221; show_bottom_space_phone=&#8221;on&#8221; show_bottom_space_last_edited=&#8221;on|phone&#8221; custom_margin=&#8221;||18px||false|false&#8221; custom_padding=&#8221;||0px||false|false&#8221;][\/et_pb_image][\/et_pb_column][et_pb_column type=&#8221;1_4&#8243; _builder_version=&#8221;3.26.6&#8243;][et_pb_text _builder_version=&#8221;4.0.5&#8243; header_2_font_size=&#8221;28px&#8221; custom_margin=&#8221;||||false|false&#8221; custom_padding=&#8221;|25px|30px||false|false&#8221; link_option_url=&#8221;https:\/\/ourofinoagro.com.br\/en\/reimagining-brazilian-agriculture\/our-history\/&#8221; link_option_url_new_window=&#8221;on&#8221;]<\/p>\n<h2>Our History<\/h2>\n<p>The name is a tribute to the Ouro Fino mining district, where the founders, Norival Bonamichi and Jardel Massari, were raised. The practical and efficient work style has as a reference these two entrepreneurs, who started the business trajectory in 1987, as shown in the timeline below.[\/et_pb_text][et_pb_button button_url=&#8221;https:\/\/ourofinoagro.com.br\/en\/reimagining-brazilian-agriculture\/our-history\/&#8221; url_new_window=&#8221;on&#8221; button_text=&#8221;Visit&#8221; _builder_version=&#8221;4.5.1&#8243; custom_padding=&#8221;||0px||false|false&#8221; custom_margin_last_edited=&#8221;on|phone&#8221; hover_enabled=&#8221;0&#8243; custom_margin_phone=&#8221;||18px||false|false&#8221;][\/et_pb_button][\/et_pb_column][et_pb_column type=&#8221;1_4&#8243; _builder_version=&#8221;3.26.6&#8243;][et_pb_image src=&#8221;https:\/\/ourofinoagro.com.br\/wp-content\/uploads\/2019\/08\/banner-reimaginados.png&#8221; _builder_version=&#8221;3.26.6&#8243; show_bottom_space=&#8221;off&#8221; show_bottom_space_phone=&#8221;on&#8221; show_bottom_space_last_edited=&#8221;on|phone&#8221; custom_margin=&#8221;||18px||false|false&#8221; custom_padding=&#8221;||0px||false|false&#8221;][\/et_pb_image][\/et_pb_column][et_pb_column type=&#8221;1_4&#8243; _builder_version=&#8221;3.26.6&#8243;][et_pb_text _builder_version=&#8221;3.27.4&#8243; header_2_font_size=&#8221;28px&#8221; custom_margin=&#8221;||30px|||&#8221;]<\/p>\n<h2>Reimagined Products<\/h2>\n<p>Ourofino Agroci\u00eancia has as a purpose to Reimagine Brazilian agriculture. Thus, the company develops technologies based on the needs of the Brazilian agribusiness represented by our &#8220;Reimagined Products&#8221;. Visit and learn more.[\/et_pb_text][et_pb_button button_url=&#8221;http:\/\/produtoreimaginado.com.br\/&#8221; button_text=&#8221;Visit&#8221; _builder_version=&#8221;3.26.6&#8243;][\/et_pb_button][\/et_pb_column][\/et_pb_row][et_pb_row _builder_version=&#8221;4.5.1&#8243; _module_preset=&#8221;default&#8221;][et_pb_column _builder_version=&#8221;4.5.1&#8243; _module_preset=&#8221;default&#8221; type=&#8221;4_4&#8243;][et_pb_text _builder_version=&#8221;4.0.6&#8243; header_4_font_size=&#8221;33px&#8221; text_orientation=&#8221;center&#8221; custom_margin=&#8221;0px||0px||false|false&#8221; custom_padding=&#8221;0px||1px||false|false&#8221; border_color_bottom=&#8221;rgba(114,189,75,0.15)&#8221; text_text_align=&#8221;center&#8221;]<\/p>\n<h4>know more<\/h4>\n<p>[\/et_pb_text][\/et_pb_column][\/et_pb_row][\/et_pb_section][et_pb_section fb_built=&#8221;1&#8243; disabled_on=&#8221;off|off|off&#8221; _builder_version=&#8221;4.0.6&#8243; background_color=&#8221;#f7f7f76b&#8221; min_height=&#8221;387px&#8221; custom_margin=&#8221;-33px||0px||false|false&#8221; custom_padding=&#8221;20px||19px||false|false&#8221; da_disable_devices=&#8221;off|off|off&#8221; border_width_bottom=&#8221;5px&#8221; border_color_bottom=&#8221;#72bd4c&#8221; global_module=&#8221;4674&#8243; saved_tabs=&#8221;all&#8221; da_is_popup=&#8221;off&#8221; da_exit_intent=&#8221;off&#8221; da_has_close=&#8221;on&#8221; da_alt_close=&#8221;off&#8221; da_dark_close=&#8221;off&#8221; da_not_modal=&#8221;on&#8221; da_is_singular=&#8221;off&#8221; da_with_loader=&#8221;off&#8221; da_has_shadow=&#8221;on&#8221;][et_pb_row _builder_version=&#8221;4.0.6&#8243; width=&#8221;100%&#8221; custom_margin=&#8221;0px||0px||false|false&#8221; custom_padding=&#8221;4px||0px||false|false&#8221;][et_pb_column type=&#8221;4_4&#8243; _builder_version=&#8221;3.26.6&#8243;][\/et_pb_column][\/et_pb_row][et_pb_row column_structure=&#8221;1_4,1_4,1_4,1_4&#8243; use_custom_gutter=&#8221;on&#8221; gutter_width=&#8221;1&#8243; make_equal=&#8221;on&#8221; _builder_version=&#8221;3.27.4&#8243; width=&#8221;100%&#8221; custom_margin=&#8221;||||false|false&#8221; custom_padding=&#8221;0px||0px||false|false&#8221; locked=&#8221;off&#8221;][et_pb_column type=&#8221;1_4&#8243; _builder_version=&#8221;3.27.4&#8243;][et_pb_image src=&#8221;https:\/\/ourofinoagro.com.br\/wp-content\/uploads\/2019\/11\/banner-estacao-experimental.jpg&#8221; force_fullwidth=&#8221;on&#8221; _builder_version=&#8221;3.27.4&#8243;][\/et_pb_image][et_pb_text _builder_version=&#8221;3.27.4&#8243; header_3_text_align=&#8221;center&#8221; header_3_text_color=&#8221;#ffffff&#8221; header_3_font_size=&#8221;40px&#8221; custom_margin=&#8221;-290px||||false|false&#8221; link_option_url=&#8221;https:\/\/ourofinoagro.com.br\/en\/experimental-center\/&#8221;]<\/p>\n<h3>Experimental station<\/h3>\n<p>[\/et_pb_text][et_pb_button button_url=&#8221;https:\/\/ourofinoagro.com.br\/en\/experimental-center\/&#8221; button_text=&#8221;Know more&#8221; button_alignment=&#8221;center&#8221; _builder_version=&#8221;3.27.4&#8243; custom_button=&#8221;on&#8221; button_text_color=&#8221;#ffffff&#8221; button_bg_color=&#8221;rgba(0,0,0,0)&#8221; button_border_color=&#8221;#ffffff&#8221;][\/et_pb_button][\/et_pb_column][et_pb_column type=&#8221;1_4&#8243; _builder_version=&#8221;3.27.4&#8243;][et_pb_image src=&#8221;https:\/\/ourofinoagro.com.br\/wp-content\/uploads\/2019\/11\/banner-relatorio-sustentabilidade-ourofino.jpg&#8221; force_fullwidth=&#8221;on&#8221; _builder_version=&#8221;3.27.4&#8243; custom_margin=&#8221;-1px|||||&#8221;][\/et_pb_image][et_pb_text _builder_version=&#8221;3.29.3&#8243; text_font_size=&#8221;13px&#8221; header_3_text_align=&#8221;center&#8221; header_3_text_color=&#8221;#ffffff&#8221; header_3_font_size=&#8221;34px&#8221; custom_margin=&#8221;-312px||||false|false&#8221; link_option_url=&#8221;https:\/\/ourofinoagro.com.br\/en\/sustainability-report\/&#8221;]<\/p>\n<h3>Report<br \/>\nSustainability<\/h3>\n<p>[\/et_pb_text][et_pb_button button_url=&#8221;https:\/\/ourofinoagro.com.br\/en\/sustainability-report\/&#8221; button_text=&#8221;Know more&#8221; button_alignment=&#8221;center&#8221; _builder_version=&#8221;3.27.4&#8243; custom_button=&#8221;on&#8221; button_text_color=&#8221;#ffffff&#8221; button_bg_color=&#8221;rgba(0,0,0,0)&#8221; button_border_color=&#8221;#ffffff&#8221;][\/et_pb_button][\/et_pb_column][et_pb_column type=&#8221;1_4&#8243; _builder_version=&#8221;3.27.4&#8243;][et_pb_image src=&#8221;https:\/\/ourofinoagro.com.br\/wp-content\/uploads\/2019\/11\/banner-nossa-fabrica-ourofino.jpg&#8221; force_fullwidth=&#8221;on&#8221; _builder_version=&#8221;3.27.4&#8243;][\/et_pb_image][et_pb_text _builder_version=&#8221;3.27.4&#8243; header_3_text_align=&#8221;center&#8221; header_3_text_color=&#8221;#ffffff&#8221; header_3_font_size=&#8221;40px&#8221; custom_margin=&#8221;-290px||||false|false&#8221; link_option_url=&#8221;https:\/\/ourofinoagro.com.br\/en\/experiment-factory\/&#8221;]<\/p>\n<h3>Experience Factory<\/h3>\n<p>[\/et_pb_text][et_pb_button button_url=&#8221;https:\/\/ourofinoagro.com.br\/en\/experiment-factory\/&#8221; button_text=&#8221;know more&#8221; button_alignment=&#8221;center&#8221; _builder_version=&#8221;3.27.4&#8243; custom_button=&#8221;on&#8221; button_text_color=&#8221;#ffffff&#8221; button_bg_color=&#8221;rgba(0,0,0,0)&#8221; button_border_color=&#8221;#ffffff&#8221;][\/et_pb_button][\/et_pb_column][et_pb_column type=&#8221;1_4&#8243; _builder_version=&#8221;3.27.4&#8243;][et_pb_image src=&#8221;https:\/\/ourofinoagro.com.br\/wp-content\/uploads\/2019\/11\/banner-agrilson.jpg&#8221; force_fullwidth=&#8221;on&#8221; _builder_version=&#8221;3.27.4&#8243;][\/et_pb_image][et_pb_text _builder_version=&#8221;3.27.4&#8243; header_3_text_align=&#8221;center&#8221; header_3_text_color=&#8221;#ffffff&#8221; header_3_font_size=&#8221;40px&#8221; custom_margin=&#8221;-106px||||false|false&#8221; link_option_url=&#8221;https:\/\/ourofinoagro.com.br\/en\/agrilson\/&#8221;]<\/p>\n<h3>Agrilson<\/h3>\n<p>[\/et_pb_text][et_pb_button button_url=&#8221;https:\/\/ourofinoagro.com.br\/en\/agrilson\/&#8221; button_text=&#8221;know more&#8221; button_alignment=&#8221;center&#8221; _builder_version=&#8221;3.27.4&#8243; custom_button=&#8221;on&#8221; button_text_color=&#8221;#ffffff&#8221; button_bg_color=&#8221;rgba(0,0,0,0)&#8221; button_border_color=&#8221;#ffffff&#8221;][\/et_pb_button][\/et_pb_column][\/et_pb_row][\/et_pb_section]<\/p>\n","protected":false},"excerpt":{"rendered":"<p>Hotsites &nbsp;AgroEncontro AgroEncontro is an event organized by Ourofino Agroci\u00eancia, along with partner companies of the sector, and aims to bring together professionals from different segments of Brazilian Agribusiness to present new technologies for agricultural production.Our Factory Privileged location; modern equipment; highly automated production process, focused on work safety; quality of processes; employees&#8217; health and [&hellip;]<\/p>\n","protected":false},"author":17,"featured_media":16524,"parent":0,"menu_order":0,"comment_status":"closed","ping_status":"closed","template":"","meta":{"_et_pb_use_builder":"on","_et_pb_old_content":"<!-- wp:divi\/placeholder \/-->","_et_gb_content_width":"","inline_featured_image":false,"footnotes":""},"categories":[],"tags":[229,228],"dipi_cpt_category":[],"class_list":["post-4525","page","type-page","status-publish","has-post-thumbnail","hentry","tag-agriculture","tag-agrociencia-en"],"yoast_head":"<!-- This site is optimized with the Yoast SEO plugin v21.6 - https:\/\/yoast.com\/wordpress\/plugins\/seo\/ -->\n<title>Hotsites - Ourofino Agroci\u00eancia<\/title>\n<meta name=\"robots\" content=\"index, follow, max-snippet:-1, max-image-preview:large, max-video-preview:-1\" \/>\n<link rel=\"canonical\" href=\"https:\/\/ourofinoagro.com.br\/en\/hotsites\/\" \/>\n<meta property=\"og:locale\" content=\"en_US\" \/>\n<meta property=\"og:type\" content=\"article\" \/>\n<meta property=\"og:title\" content=\"Hotsites - Ourofino Agroci\u00eancia\" \/>\n<meta property=\"og:description\" content=\"Hotsites &nbsp;AgroEncontro AgroEncontro is an event organized by Ourofino Agroci\u00eancia, along with partner companies of the sector, and aims to bring together professionals from different segments of Brazilian Agribusiness to present new technologies for agricultural production.Our Factory Privileged location; modern equipment; highly automated production process, focused on work safety; quality of processes; employees&#039; health and [&hellip;]\" \/>\n<meta property=\"og:url\" content=\"https:\/\/ourofinoagro.com.br\/en\/hotsites\/\" \/>\n<meta property=\"og:site_name\" content=\"Ourofino Agroci\u00eancia\" \/>\n<meta property=\"article:modified_time\" content=\"2020-07-29T15:49:40+00:00\" \/>\n<meta property=\"og:image\" content=\"https:\/\/ourofinoagro.com.br\/wp-content\/uploads\/2019\/08\/foto-topo-hotsite.jpg\" \/>\n\t<meta property=\"og:image:width\" content=\"1024\" \/>\n\t<meta property=\"og:image:height\" content=\"734\" \/>\n\t<meta property=\"og:image:type\" content=\"image\/jpeg\" \/>\n<meta name=\"twitter:card\" content=\"summary_large_image\" \/>\n<meta name=\"twitter:label1\" content=\"Est. reading time\" \/>\n\t<meta name=\"twitter:data1\" content=\"9 minutes\" \/>\n<script type=\"application\/ld+json\" class=\"yoast-schema-graph\">{\"@context\":\"https:\/\/schema.org\",\"@graph\":[{\"@type\":\"WebPage\",\"@id\":\"https:\/\/ourofinoagro.com.br\/en\/hotsites\/\",\"url\":\"https:\/\/ourofinoagro.com.br\/en\/hotsites\/\",\"name\":\"Hotsites - Ourofino Agroci\u00eancia\",\"isPartOf\":{\"@id\":\"https:\/\/ourofinoagro.com.br\/#website\"},\"datePublished\":\"2019-11-04T18:15:43+00:00\",\"dateModified\":\"2020-07-29T15:49:40+00:00\",\"breadcrumb\":{\"@id\":\"https:\/\/ourofinoagro.com.br\/en\/hotsites\/#breadcrumb\"},\"inLanguage\":\"en-US\",\"potentialAction\":[{\"@type\":\"ReadAction\",\"target\":[\"https:\/\/ourofinoagro.com.br\/en\/hotsites\/\"]}]},{\"@type\":\"BreadcrumbList\",\"@id\":\"https:\/\/ourofinoagro.com.br\/en\/hotsites\/#breadcrumb\",\"itemListElement\":[{\"@type\":\"ListItem\",\"position\":1,\"name\":\"In\u00edcio\",\"item\":\"https:\/\/ourofinoagro.com.br\/en\/\"},{\"@type\":\"ListItem\",\"position\":2,\"name\":\"Hotsites\"}]},{\"@type\":\"WebSite\",\"@id\":\"https:\/\/ourofinoagro.com.br\/#website\",\"url\":\"https:\/\/ourofinoagro.com.br\/\",\"name\":\"Ourofino Agroci\u00eancia\",\"description\":\"Nosso prop\u00f3sito de Reimaginar a Agricultura Brasileira est\u00e1 relacionado ao nosso compromisso em inspirar uma nova era de desenvolvimento, produtividade e crescimento.\",\"potentialAction\":[{\"@type\":\"SearchAction\",\"target\":{\"@type\":\"EntryPoint\",\"urlTemplate\":\"https:\/\/ourofinoagro.com.br\/?s={search_term_string}\"},\"query-input\":\"required name=search_term_string\"}],\"inLanguage\":\"en-US\"}]}<\/script>\n<!-- \/ Yoast SEO plugin. -->","yoast_head_json":{"title":"Hotsites - Ourofino Agroci\u00eancia","robots":{"index":"index","follow":"follow","max-snippet":"max-snippet:-1","max-image-preview":"max-image-preview:large","max-video-preview":"max-video-preview:-1"},"canonical":"https:\/\/ourofinoagro.com.br\/en\/hotsites\/","og_locale":"en_US","og_type":"article","og_title":"Hotsites - Ourofino Agroci\u00eancia","og_description":"Hotsites &nbsp;AgroEncontro AgroEncontro is an event organized by Ourofino Agroci\u00eancia, along with partner companies of the sector, and aims to bring together professionals from different segments of Brazilian Agribusiness to present new technologies for agricultural production.Our Factory Privileged location; modern equipment; highly automated production process, focused on work safety; quality of processes; employees' health and [&hellip;]","og_url":"https:\/\/ourofinoagro.com.br\/en\/hotsites\/","og_site_name":"Ourofino Agroci\u00eancia","article_modified_time":"2020-07-29T15:49:40+00:00","og_image":[{"width":1024,"height":734,"url":"https:\/\/ourofinoagro.com.br\/wp-content\/uploads\/2019\/08\/foto-topo-hotsite.jpg","type":"image\/jpeg"}],"twitter_card":"summary_large_image","twitter_misc":{"Est. reading time":"9 minutes"},"schema":{"@context":"https:\/\/schema.org","@graph":[{"@type":"WebPage","@id":"https:\/\/ourofinoagro.com.br\/en\/hotsites\/","url":"https:\/\/ourofinoagro.com.br\/en\/hotsites\/","name":"Hotsites - Ourofino Agroci\u00eancia","isPartOf":{"@id":"https:\/\/ourofinoagro.com.br\/#website"},"datePublished":"2019-11-04T18:15:43+00:00","dateModified":"2020-07-29T15:49:40+00:00","breadcrumb":{"@id":"https:\/\/ourofinoagro.com.br\/en\/hotsites\/#breadcrumb"},"inLanguage":"en-US","potentialAction":[{"@type":"ReadAction","target":["https:\/\/ourofinoagro.com.br\/en\/hotsites\/"]}]},{"@type":"BreadcrumbList","@id":"https:\/\/ourofinoagro.com.br\/en\/hotsites\/#breadcrumb","itemListElement":[{"@type":"ListItem","position":1,"name":"In\u00edcio","item":"https:\/\/ourofinoagro.com.br\/en\/"},{"@type":"ListItem","position":2,"name":"Hotsites"}]},{"@type":"WebSite","@id":"https:\/\/ourofinoagro.com.br\/#website","url":"https:\/\/ourofinoagro.com.br\/","name":"Ourofino Agroci\u00eancia","description":"Nosso prop\u00f3sito de Reimaginar a Agricultura Brasileira est\u00e1 relacionado ao nosso compromisso em inspirar uma nova era de desenvolvimento, produtividade e crescimento.","potentialAction":[{"@type":"SearchAction","target":{"@type":"EntryPoint","urlTemplate":"https:\/\/ourofinoagro.com.br\/?s={search_term_string}"},"query-input":"required name=search_term_string"}],"inLanguage":"en-US"}]}},"_links":{"self":[{"href":"https:\/\/ourofinoagro.com.br\/en\/wp-json\/wp\/v2\/pages\/4525"}],"collection":[{"href":"https:\/\/ourofinoagro.com.br\/en\/wp-json\/wp\/v2\/pages"}],"about":[{"href":"https:\/\/ourofinoagro.com.br\/en\/wp-json\/wp\/v2\/types\/page"}],"author":[{"embeddable":true,"href":"https:\/\/ourofinoagro.com.br\/en\/wp-json\/wp\/v2\/users\/17"}],"replies":[{"embeddable":true,"href":"https:\/\/ourofinoagro.com.br\/en\/wp-json\/wp\/v2\/comments?post=4525"}],"version-history":[{"count":9,"href":"https:\/\/ourofinoagro.com.br\/en\/wp-json\/wp\/v2\/pages\/4525\/revisions"}],"predecessor-version":[{"id":10249,"href":"https:\/\/ourofinoagro.com.br\/en\/wp-json\/wp\/v2\/pages\/4525\/revisions\/10249"}],"wp:featuredmedia":[{"embeddable":true,"href":"https:\/\/ourofinoagro.com.br\/en\/wp-json\/wp\/v2\/media\/16524"}],"wp:attachment":[{"href":"https:\/\/ourofinoagro.com.br\/en\/wp-json\/wp\/v2\/media?parent=4525"}],"wp:term":[{"taxonomy":"category","embeddable":true,"href":"https:\/\/ourofinoagro.com.br\/en\/wp-json\/wp\/v2\/categories?post=4525"},{"taxonomy":"post_tag","embeddable":true,"href":"https:\/\/ourofinoagro.com.br\/en\/wp-json\/wp\/v2\/tags?post=4525"},{"taxonomy":"dipi_cpt_category","embeddable":true,"href":"https:\/\/ourofinoagro.com.br\/en\/wp-json\/wp\/v2\/dipi_cpt_category?post=4525"}],"curies":[{"name":"wp","href":"https:\/\/api.w.org\/{rel}","templated":true}]}}