{"id":4572,"date":"2019-11-06T11:32:58","date_gmt":"2019-11-06T14:32:58","guid":{"rendered":"https:\/\/ourofinoagro.com.br\/experimental-center\/"},"modified":"2020-07-30T16:36:44","modified_gmt":"2020-07-30T19:36:44","slug":"experimental-center","status":"publish","type":"page","link":"https:\/\/ourofinoagro.com.br\/en\/institutional\/experimental-center\/","title":{"rendered":"Experimental Center"},"content":{"rendered":"<p>[et_pb_section fb_built=&#8221;1&#8243; _builder_version=&#8221;3.27.3&#8243; background_image=&#8221;https:\/\/ourofinoagro.com.br\/wp-content\/uploads\/2019\/08\/banner-estacao-experimental.jpg&#8221; background_position=&#8221;top_right&#8221; background_blend=&#8221;darken&#8221; min_height=&#8221;549px&#8221; custom_margin=&#8221;||1px|||&#8221; custom_padding=&#8221;9px||19px|||&#8221; da_disable_devices=&#8221;off|off|off&#8221; da_is_popup=&#8221;off&#8221; da_exit_intent=&#8221;off&#8221; da_has_close=&#8221;on&#8221; da_alt_close=&#8221;off&#8221; da_dark_close=&#8221;off&#8221; da_not_modal=&#8221;on&#8221; da_is_singular=&#8221;off&#8221; da_with_loader=&#8221;off&#8221; da_has_shadow=&#8221;on&#8221;][et_pb_row column_structure=&#8221;3_5,2_5&#8243; custom_padding_last_edited=&#8221;on|phone&#8221; _builder_version=&#8221;3.27.3&#8243; custom_padding=&#8221;260px||7px||false|false&#8221; custom_padding_tablet=&#8221;200px||7px||false|false&#8221; custom_padding_phone=&#8221;0px||||false|false&#8221;][et_pb_column type=&#8221;3_5&#8243; _builder_version=&#8221;3.26.6&#8243;][\/et_pb_column][et_pb_column type=&#8221;2_5&#8243; _builder_version=&#8221;3.26.6&#8243;][et_pb_text _builder_version=&#8221;4.5.1&#8243; text_text_color=&#8221;#ffffff&#8221; header_text_color=&#8221;#ffffff&#8221; header_font_size=&#8221;32px&#8221; background_image=&#8221;https:\/\/ourofinoagro.com.br\/wp-content\/uploads\/2019\/08\/home-division.png&#8221; max_width=&#8221;346px&#8221; min_height=&#8221;256px&#8221; custom_margin=&#8221;||-19px||false|false&#8221; custom_margin_tablet=&#8221;||-24px||false|false&#8221; custom_margin_phone=&#8221;50px||-32px||false|false&#8221; custom_margin_last_edited=&#8221;on|phone&#8221; custom_padding=&#8221;91px|34px|171px|34px|false|true&#8221;]<\/p>\n<h1>Experimental Center<\/h1>\n<p>Ourofino counts on a modern Agronomic Experimental Center which is accredited by the Ministry of Agriculture for the performance of official field tests related to the registration of products.<\/p>\n<p>[\/et_pb_text][\/et_pb_column][\/et_pb_row][\/et_pb_section][et_pb_section fb_built=&#8221;1&#8243; _builder_version=&#8221;3.27.3&#8243; background_color=&#8221;#ffffff&#8221; custom_margin=&#8221;-4px||||false|false&#8221; custom_padding=&#8221;8px||3px|||&#8221; da_disable_devices=&#8221;off|off|off&#8221; da_is_popup=&#8221;off&#8221; da_exit_intent=&#8221;off&#8221; da_has_close=&#8221;on&#8221; da_alt_close=&#8221;off&#8221; da_dark_close=&#8221;off&#8221; da_not_modal=&#8221;on&#8221; da_is_singular=&#8221;off&#8221; da_with_loader=&#8221;off&#8221; da_has_shadow=&#8221;on&#8221;][et_pb_row _builder_version=&#8221;3.27.3&#8243; width=&#8221;100%&#8221; custom_margin=&#8221;|auto|-7px|auto|false|false&#8221; custom_padding=&#8221;3px||||false|false&#8221;][et_pb_column type=&#8221;4_4&#8243; _builder_version=&#8221;3.27.2&#8243;][et_pb_image src=&#8221;https:\/\/ourofinoagro.com.br\/wp-content\/uploads\/2019\/08\/bg-branco.png&#8221; force_fullwidth=&#8221;on&#8221; _builder_version=&#8221;4.5.1&#8243; custom_margin=&#8221;-109px||||false|false&#8221; custom_margin_tablet=&#8221;-64px||||false|false&#8221; custom_margin_phone=&#8221;-58px||-4px||false|false&#8221; custom_margin_last_edited=&#8221;on|phone&#8221; custom_padding=&#8221;12px||0px||false|false&#8221; border_width_bottom=&#8221;22px&#8221; border_color_bottom=&#8221;#ffffff&#8221;][\/et_pb_image][\/et_pb_column][\/et_pb_row][\/et_pb_section][et_pb_section fb_built=&#8221;1&#8243; _builder_version=&#8221;4.0.6&#8243; custom_margin=&#8221;3px|||||&#8221; custom_padding=&#8221;7px||60px||false|false&#8221; da_disable_devices=&#8221;off|off|off&#8221; da_is_popup=&#8221;off&#8221; da_exit_intent=&#8221;off&#8221; da_has_close=&#8221;on&#8221; da_alt_close=&#8221;off&#8221; da_dark_close=&#8221;off&#8221; da_not_modal=&#8221;on&#8221; da_is_singular=&#8221;off&#8221; da_with_loader=&#8221;off&#8221; da_has_shadow=&#8221;on&#8221;][et_pb_row column_structure=&#8221;1_3,2_3&#8243; _builder_version=&#8221;3.26.6&#8243;][et_pb_column type=&#8221;1_3&#8243; _builder_version=&#8221;3.26.6&#8243;][et_pb_image src=&#8221;https:\/\/ourofinoagro.com.br\/wp-content\/uploads\/2019\/08\/estacao-experimental.jpg&#8221; align=&#8221;right&#8221; _builder_version=&#8221;3.27.3&#8243; custom_padding=&#8221;9px|||||&#8221;][\/et_pb_image][\/et_pb_column][et_pb_column type=&#8221;2_3&#8243; _builder_version=&#8221;3.27.3&#8243;][et_pb_text _builder_version=&#8221;4.0.5&#8243;]<\/p>\n<h2>Project<\/h2>\n<p class=\"p1\"><span class=\"s1\">Located in Guatapar\u00e1, in the midlands of S\u00e3o Paulo, our Experimental Center has an area of over a thousand hectares. From the beginning of its operations in 2012, the Center\u00a0<\/span><span class=\"s1\">received the accreditation of the Ministry of Agriculture, Livestock and Supply (MAPA), for the performance of official field tests for the registration of products.\u00a0<\/span><span class=\"s1\">With such accreditation, Ourofino Agroci\u00eancia may issue economic viability reports, agronomic practicality, phytotoxicity and proof of efficiency for crop protection products. At the center, activities and projects aimed at teaching which involve growth, maintenance and use of vegetables, scientific research and development are performed.\u00a0<\/span><span class=\"s1\">In the crop protection products area studies for herbicides, insecticides, fungicides and adjuvants are performed in order to issue official reports with the objective of obtaining the registration for commercialization.\u00a0<\/span><span class=\"s1\">The facility is equipped with technological structure which enables the simulation of edaphoclimatic conditions from various regions of the country, guaranteeing the development of solutions which will aid the work of Brazilian growers and guarantee more profitability to the business.<\/span><\/p>\n<p>[\/et_pb_text][\/et_pb_column][\/et_pb_row][et_pb_row _builder_version=&#8221;3.27.3&#8243;][et_pb_column type=&#8221;4_4&#8243; _builder_version=&#8221;3.27.3&#8243;][et_pb_text _builder_version=&#8221;3.27.4&#8243; text_orientation=&#8221;center&#8221; text_text_align=&#8221;center&#8221;]<\/p>\n<h2>Location<\/h2>\n<p>[\/et_pb_text][\/et_pb_column][\/et_pb_row][et_pb_row column_structure=&#8221;1_2,1_2&#8243; _builder_version=&#8221;3.27.3&#8243;][et_pb_column type=&#8221;1_2&#8243; _builder_version=&#8221;3.27.3&#8243;][et_pb_text _builder_version=&#8221;4.0.5&#8243; text_font_size=&#8221;16px&#8221; custom_margin=&#8221;|||75px|false|false&#8221; custom_margin_tablet=&#8221;|||0px|false|false&#8221; custom_margin_phone=&#8221;&#8221; custom_margin_last_edited=&#8221;on|desktop&#8221; text_text_align=&#8221;left&#8221;]<\/p>\n<ul>\n<li>Rodovia M\u00e1rio Mazieiro, Km 6.5, s\/ n\u00famero;<\/li>\n<\/ul>\n<p>&nbsp;<\/p>\n<ul>\n<li>Near Guatapar\u00e1 (SP);<\/li>\n<\/ul>\n<p>&nbsp;<\/p>\n<ul>\n<li>Privileged location, near the main research institutions in S\u00e3o Paulo such as Unesp, IAC and USP<\/li>\n<\/ul>\n<p>&nbsp;<\/p>\n<ul>\n<li>Easy access to the main state highways;<\/li>\n<\/ul>\n<p>&nbsp;<\/p>\n<ul>\n<li>Distance to the state capital is approximately 300 km (186 miles)<\/li>\n<\/ul>\n<p>[\/et_pb_text][\/et_pb_column][et_pb_column type=&#8221;1_2&#8243; _builder_version=&#8221;3.27.3&#8243;][et_pb_image src=&#8221;https:\/\/ourofinoagro.com.br\/wp-content\/uploads\/2019\/08\/mapa-guatapara.png&#8221; _builder_version=&#8221;3.27.3&#8243; width=&#8221;70%&#8221; custom_padding=&#8221;|||0px||&#8221;][\/et_pb_image][\/et_pb_column][\/et_pb_row][et_pb_row _builder_version=&#8221;3.27.3&#8243;][et_pb_column type=&#8221;4_4&#8243; _builder_version=&#8221;3.27.3&#8243;][et_pb_text _builder_version=&#8221;3.27.4&#8243; text_orientation=&#8221;center&#8221; text_text_align=&#8221;center&#8221;]<\/p>\n<h2>Structure<\/h2>\n<p>[\/et_pb_text][\/et_pb_column][\/et_pb_row][et_pb_row column_structure=&#8221;1_2,1_2&#8243; _builder_version=&#8221;3.27.3&#8243;][et_pb_column type=&#8221;1_2&#8243; _builder_version=&#8221;3.27.3&#8243;][et_pb_image src=&#8221;https:\/\/ourofinoagro.com.br\/wp-content\/uploads\/2019\/08\/mapa-estacoes-experimentais.png&#8221; align=&#8221;right&#8221; _builder_version=&#8221;3.27.3&#8243; width=&#8221;100%&#8221;][\/et_pb_image][\/et_pb_column][et_pb_column type=&#8221;1_2&#8243; _builder_version=&#8221;3.27.3&#8243;][et_pb_text _builder_version=&#8221;3.27.4&#8243;]<\/p>\n<p>The property has an area of over one thousand hectares, with a complete structure for the study of innovative solutions, development of projects and partnerships, professional capacitation, besides the performance of researches and other agricultural activities. The structure of the experimental center was developed to supply all the needs of the activities involved in the testing of formulas counting on labs for assessment, offices, rooms for manipulation and calibration of the spraying equipment, rooms for the storage of commercial and experimental products and six vegetation houses. All of these factors have made Ourofino\u2019s experimental center a reference among the kind in Brazil and enables Ourofino Agroci\u00eancia to perform over 500 studies a year.<\/p>\n<p>Besides developing differentiated formulations for the launching of a product, countless tests are performed in the experimental stations of Ourofino Agroci\u00eancia, which are, at large, areas accredited by the Ministry of Agriculture, Livestock and Supply (MAPA) for the conduction of research protocols which evaluate the performance and the behavior of elaborated crop protection products. The company has five places with this objective: two in Goi\u00e1s, two in Paran\u00e1 and the Experimental Station in Guatapar\u00e1 (SP). Whilst aiming at and achieving its main production standards, Ourofino maintains the objective of offering the best for the producer and for Brazilian agriculture thus contributing for the development of the sector.<\/p>\n<p>[\/et_pb_text][\/et_pb_column][\/et_pb_row][et_pb_row _builder_version=&#8221;3.27.3&#8243;][et_pb_column type=&#8221;4_4&#8243; _builder_version=&#8221;3.27.3&#8243;][et_pb_text _builder_version=&#8221;3.27.4&#8243; text_orientation=&#8221;center&#8221; text_text_align=&#8221;center&#8221;]<\/p>\n<h2>Differentials<\/h2>\n<p>[\/et_pb_text][\/et_pb_column][\/et_pb_row][et_pb_row column_structure=&#8221;1_3,1_3,1_3&#8243; _builder_version=&#8221;3.27.3&#8243;][et_pb_column type=&#8221;1_3&#8243; _builder_version=&#8221;3.27.3&#8243;][et_pb_text _builder_version=&#8221;3.27.4&#8243; text_orientation=&#8221;center&#8221; text_text_align=&#8221;center&#8221;]<\/p>\n<h3>Greenhouses with Climate and Humidity Control<\/h3>\n<p>[\/et_pb_text][et_pb_blurb image=&#8221;https:\/\/ourofinoagro.com.br\/wp-content\/uploads\/2019\/08\/estufa.jpg&#8221; _builder_version=&#8221;4.0.5&#8243; text_orientation=&#8221;center&#8221; box_shadow_style_image=&#8221;preset6&#8243;]<\/p>\n<p style=\"text-align: left;\">Inaugurated in 2017, our greenhouse with climate and Humidity Control allows the performance of tests which simulate the edaphoclimatic conditions of many regions in Brazil.<\/p>\n<p>[\/et_pb_blurb][\/et_pb_column][et_pb_column type=&#8221;1_3&#8243; _builder_version=&#8221;3.27.3&#8243;][et_pb_text _builder_version=&#8221;3.27.4&#8243; text_orientation=&#8221;center&#8221; text_text_align=&#8221;center&#8221;]<\/p>\n<h3>Laboratory of Entomology<\/h3>\n<p>[\/et_pb_text][et_pb_blurb image=&#8221;https:\/\/ourofinoagro.com.br\/wp-content\/uploads\/2019\/08\/laboratorio01.png&#8221; _builder_version=&#8221;3.27.3&#8243; text_orientation=&#8221;center&#8221; custom_padding=&#8221;18px|||||&#8221; box_shadow_style_image=&#8221;preset6&#8243;]<\/p>\n<p>In the Entomology Lab we keep the main pests of agriculture used in the bio assays which serve as basis for the development of prototypes.<\/p>\n<p>[\/et_pb_blurb][\/et_pb_column][et_pb_column type=&#8221;1_3&#8243; _builder_version=&#8221;3.27.3&#8243;][et_pb_text _builder_version=&#8221;3.27.4&#8243; text_orientation=&#8221;center&#8221; text_text_align=&#8221;center&#8221;]<\/p>\n<h3>Experimentation Area<\/h3>\n<p>[\/et_pb_text][et_pb_blurb image=&#8221;https:\/\/ourofinoagro.com.br\/wp-content\/uploads\/2019\/08\/area-experimentacao.jpg&#8221; _builder_version=&#8221;3.27.3&#8243; text_orientation=&#8221;center&#8221; min_height=&#8221;385px&#8221; custom_margin=&#8221;28px||28px|||&#8221; custom_padding=&#8221;17px|||||&#8221; box_shadow_style_image=&#8221;preset6&#8243;]<\/p>\n<p>This structure is accredited by Inmetro* and certified by Mapa** for the performance of official field test for the registration of products.<\/p>\n<p>[\/et_pb_blurb][\/et_pb_column][\/et_pb_row][et_pb_row _builder_version=&#8221;3.27.3&#8243;][et_pb_column type=&#8221;4_4&#8243; _builder_version=&#8221;3.27.3&#8243;][et_pb_text _builder_version=&#8221;3.27.4&#8243;]<\/p>\n<h2>Associate Institutions<\/h2>\n<p>In order to offer innovative solutions, based on the needs of Brazilian agriculture and which guarantee more profitability to growers, we count on state of the art equipment and with the support of renowned research centers and universities in the country.<\/p>\n<p>UNESP \u2013 Jaboticabal (<a href=\"https:\/\/www.fcav.unesp.br\/\">fcav.unesp.br<\/a>)<\/p>\n<p>UNESP \u2013 Botucatu (<a href=\"https:\/\/www.fca.unesp.br\/\">fca.unesp.br<\/a>)<\/p>\n<p>ESALQ \u2013 (<a href=\"http:\/\/www.esalq.usp.br\/\">esalq.usp.br<\/a>)<\/p>\n<p>UNICAMP \u2013 (<a href=\"https:\/\/www.unicamp.br\/unicamp\/\">unicamp.br<\/a>)<\/p>\n<p>IAC \u2013 Ribeir\u00e3o Preto (<a href=\"http:\/\/www.iac.sp.gov.br\/\">iac.sp.gov.br<\/a>)<\/p>\n<p>*This project has the support of Studies and Projects Financing Institution (Finep)<\/p>\n<p>* National Institute of Metrology, Quality and Technology<\/p>\n<p>** Ministry of Agriculture, Livestock and Supply<\/p>\n<p>[\/et_pb_text][et_pb_image src=&#8221;https:\/\/ourofinoagro.com.br\/wp-content\/uploads\/2019\/08\/logo-finep.jpg&#8221; url=&#8221;http:\/\/www.finep.gov.br\/&#8221; url_new_window=&#8221;on&#8221; _builder_version=&#8221;3.27.3&#8243;][\/et_pb_image][\/et_pb_column][\/et_pb_row][\/et_pb_section]<\/p>\n","protected":false},"excerpt":{"rendered":"<p>Experimental Center Ourofino counts on a modern Agronomic Experimental Center which is accredited by the Ministry of Agriculture for the performance of official field tests related to the registration of products.Project Located in Guatapar\u00e1, in the midlands of S\u00e3o Paulo, our Experimental Center has an area of over a thousand hectares. From the beginning of [&hellip;]<\/p>\n","protected":false},"author":17,"featured_media":16548,"parent":247903,"menu_order":0,"comment_status":"closed","ping_status":"closed","template":"","meta":{"_et_pb_use_builder":"on","_et_pb_old_content":"<!-- wp:divi\/placeholder \/-->","_et_gb_content_width":"","inline_featured_image":false,"footnotes":""},"categories":[],"tags":[229,228],"dipi_cpt_category":[],"class_list":["post-4572","page","type-page","status-publish","has-post-thumbnail","hentry","tag-agriculture","tag-agrociencia-en"],"yoast_head":"<!-- This site is optimized with the Yoast SEO plugin v21.6 - https:\/\/yoast.com\/wordpress\/plugins\/seo\/ -->\n<title>Experimental Center - Ourofino Agroci\u00eancia<\/title>\n<meta name=\"robots\" content=\"index, follow, max-snippet:-1, max-image-preview:large, max-video-preview:-1\" \/>\n<link rel=\"canonical\" href=\"https:\/\/ourofinoagro.com.br\/en\/experimental-center\/\" \/>\n<meta property=\"og:locale\" content=\"en_US\" \/>\n<meta property=\"og:type\" content=\"article\" \/>\n<meta property=\"og:title\" content=\"Experimental Center - Ourofino Agroci\u00eancia\" \/>\n<meta property=\"og:description\" content=\"Experimental Center Ourofino counts on a modern Agronomic Experimental Center which is accredited by the Ministry of Agriculture for the performance of official field tests related to the registration of products.Project Located in Guatapar\u00e1, in the midlands of S\u00e3o Paulo, our Experimental Center has an area of over a thousand hectares. From the beginning of [&hellip;]\" \/>\n<meta property=\"og:url\" content=\"https:\/\/ourofinoagro.com.br\/en\/experimental-center\/\" \/>\n<meta property=\"og:site_name\" content=\"Ourofino Agroci\u00eancia\" \/>\n<meta property=\"article:modified_time\" content=\"2020-07-30T19:36:44+00:00\" \/>\n<meta property=\"og:image\" content=\"https:\/\/ourofinoagro.com.br\/wp-content\/uploads\/2019\/08\/banner-estacao-experimental.jpg\" \/>\n\t<meta property=\"og:image:width\" content=\"1025\" \/>\n\t<meta property=\"og:image:height\" content=\"470\" \/>\n\t<meta property=\"og:image:type\" content=\"image\/jpeg\" \/>\n<meta name=\"twitter:card\" content=\"summary_large_image\" \/>\n<meta name=\"twitter:label1\" content=\"Est. reading time\" \/>\n\t<meta name=\"twitter:data1\" content=\"8 minutes\" \/>\n<script type=\"application\/ld+json\" class=\"yoast-schema-graph\">{\"@context\":\"https:\/\/schema.org\",\"@graph\":[{\"@type\":\"WebPage\",\"@id\":\"https:\/\/ourofinoagro.com.br\/en\/experimental-center\/\",\"url\":\"https:\/\/ourofinoagro.com.br\/en\/experimental-center\/\",\"name\":\"Experimental Center - Ourofino Agroci\u00eancia\",\"isPartOf\":{\"@id\":\"https:\/\/ourofinoagro.com.br\/#website\"},\"datePublished\":\"2019-11-06T14:32:58+00:00\",\"dateModified\":\"2020-07-30T19:36:44+00:00\",\"breadcrumb\":{\"@id\":\"https:\/\/ourofinoagro.com.br\/en\/experimental-center\/#breadcrumb\"},\"inLanguage\":\"en-US\",\"potentialAction\":[{\"@type\":\"ReadAction\",\"target\":[\"https:\/\/ourofinoagro.com.br\/en\/experimental-center\/\"]}]},{\"@type\":\"BreadcrumbList\",\"@id\":\"https:\/\/ourofinoagro.com.br\/en\/experimental-center\/#breadcrumb\",\"itemListElement\":[{\"@type\":\"ListItem\",\"position\":1,\"name\":\"In\u00edcio\",\"item\":\"https:\/\/ourofinoagro.com.br\/en\/\"},{\"@type\":\"ListItem\",\"position\":2,\"name\":\"Experimental Center\"}]},{\"@type\":\"WebSite\",\"@id\":\"https:\/\/ourofinoagro.com.br\/#website\",\"url\":\"https:\/\/ourofinoagro.com.br\/\",\"name\":\"Ourofino Agroci\u00eancia\",\"description\":\"Nosso prop\u00f3sito de Reimaginar a Agricultura Brasileira est\u00e1 relacionado ao nosso compromisso em inspirar uma nova era de desenvolvimento, produtividade e crescimento.\",\"potentialAction\":[{\"@type\":\"SearchAction\",\"target\":{\"@type\":\"EntryPoint\",\"urlTemplate\":\"https:\/\/ourofinoagro.com.br\/?s={search_term_string}\"},\"query-input\":\"required name=search_term_string\"}],\"inLanguage\":\"en-US\"}]}<\/script>\n<!-- \/ Yoast SEO plugin. -->","yoast_head_json":{"title":"Experimental Center - Ourofino Agroci\u00eancia","robots":{"index":"index","follow":"follow","max-snippet":"max-snippet:-1","max-image-preview":"max-image-preview:large","max-video-preview":"max-video-preview:-1"},"canonical":"https:\/\/ourofinoagro.com.br\/en\/experimental-center\/","og_locale":"en_US","og_type":"article","og_title":"Experimental Center - Ourofino Agroci\u00eancia","og_description":"Experimental Center Ourofino counts on a modern Agronomic Experimental Center which is accredited by the Ministry of Agriculture for the performance of official field tests related to the registration of products.Project Located in Guatapar\u00e1, in the midlands of S\u00e3o Paulo, our Experimental Center has an area of over a thousand hectares. From the beginning of [&hellip;]","og_url":"https:\/\/ourofinoagro.com.br\/en\/experimental-center\/","og_site_name":"Ourofino Agroci\u00eancia","article_modified_time":"2020-07-30T19:36:44+00:00","og_image":[{"width":1025,"height":470,"url":"https:\/\/ourofinoagro.com.br\/wp-content\/uploads\/2019\/08\/banner-estacao-experimental.jpg","type":"image\/jpeg"}],"twitter_card":"summary_large_image","twitter_misc":{"Est. reading time":"8 minutes"},"schema":{"@context":"https:\/\/schema.org","@graph":[{"@type":"WebPage","@id":"https:\/\/ourofinoagro.com.br\/en\/experimental-center\/","url":"https:\/\/ourofinoagro.com.br\/en\/experimental-center\/","name":"Experimental Center - Ourofino Agroci\u00eancia","isPartOf":{"@id":"https:\/\/ourofinoagro.com.br\/#website"},"datePublished":"2019-11-06T14:32:58+00:00","dateModified":"2020-07-30T19:36:44+00:00","breadcrumb":{"@id":"https:\/\/ourofinoagro.com.br\/en\/experimental-center\/#breadcrumb"},"inLanguage":"en-US","potentialAction":[{"@type":"ReadAction","target":["https:\/\/ourofinoagro.com.br\/en\/experimental-center\/"]}]},{"@type":"BreadcrumbList","@id":"https:\/\/ourofinoagro.com.br\/en\/experimental-center\/#breadcrumb","itemListElement":[{"@type":"ListItem","position":1,"name":"In\u00edcio","item":"https:\/\/ourofinoagro.com.br\/en\/"},{"@type":"ListItem","position":2,"name":"Experimental Center"}]},{"@type":"WebSite","@id":"https:\/\/ourofinoagro.com.br\/#website","url":"https:\/\/ourofinoagro.com.br\/","name":"Ourofino Agroci\u00eancia","description":"Nosso prop\u00f3sito de Reimaginar a Agricultura Brasileira est\u00e1 relacionado ao nosso compromisso em inspirar uma nova era de desenvolvimento, produtividade e crescimento.","potentialAction":[{"@type":"SearchAction","target":{"@type":"EntryPoint","urlTemplate":"https:\/\/ourofinoagro.com.br\/?s={search_term_string}"},"query-input":"required name=search_term_string"}],"inLanguage":"en-US"}]}},"_links":{"self":[{"href":"https:\/\/ourofinoagro.com.br\/en\/wp-json\/wp\/v2\/pages\/4572"}],"collection":[{"href":"https:\/\/ourofinoagro.com.br\/en\/wp-json\/wp\/v2\/pages"}],"about":[{"href":"https:\/\/ourofinoagro.com.br\/en\/wp-json\/wp\/v2\/types\/page"}],"author":[{"embeddable":true,"href":"https:\/\/ourofinoagro.com.br\/en\/wp-json\/wp\/v2\/users\/17"}],"replies":[{"embeddable":true,"href":"https:\/\/ourofinoagro.com.br\/en\/wp-json\/wp\/v2\/comments?post=4572"}],"version-history":[{"count":10,"href":"https:\/\/ourofinoagro.com.br\/en\/wp-json\/wp\/v2\/pages\/4572\/revisions"}],"predecessor-version":[{"id":10713,"href":"https:\/\/ourofinoagro.com.br\/en\/wp-json\/wp\/v2\/pages\/4572\/revisions\/10713"}],"up":[{"embeddable":true,"href":"https:\/\/ourofinoagro.com.br\/en\/wp-json\/wp\/v2\/pages\/247903"}],"wp:featuredmedia":[{"embeddable":true,"href":"https:\/\/ourofinoagro.com.br\/en\/wp-json\/wp\/v2\/media\/16548"}],"wp:attachment":[{"href":"https:\/\/ourofinoagro.com.br\/en\/wp-json\/wp\/v2\/media?parent=4572"}],"wp:term":[{"taxonomy":"category","embeddable":true,"href":"https:\/\/ourofinoagro.com.br\/en\/wp-json\/wp\/v2\/categories?post=4572"},{"taxonomy":"post_tag","embeddable":true,"href":"https:\/\/ourofinoagro.com.br\/en\/wp-json\/wp\/v2\/tags?post=4572"},{"taxonomy":"dipi_cpt_category","embeddable":true,"href":"https:\/\/ourofinoagro.com.br\/en\/wp-json\/wp\/v2\/dipi_cpt_category?post=4572"}],"curies":[{"name":"wp","href":"https:\/\/api.w.org\/{rel}","templated":true}]}}