{"id":4741,"date":"2019-11-08T15:36:46","date_gmt":"2019-11-08T18:36:46","guid":{"rendered":"https:\/\/ourofinoagro.com.br\/products\/fortalezabr\/"},"modified":"2025-06-24T14:15:42","modified_gmt":"2025-06-24T17:15:42","slug":"fortalezabr","status":"publish","type":"page","link":"https:\/\/ourofinoagro.com.br\/en\/products\/fortalezabr\/","title":{"rendered":"FortalezaBR \u00ae"},"content":{"rendered":"<p>[et_pb_section fb_built=&#8221;1&#8243; _builder_version=&#8221;4.16&#8243; background_image=&#8221;https:\/\/ourofinoagro.com.br\/wp-content\/uploads\/2019\/09\/foto-topo-produto-fortaleza-e1695324603609.png&#8221; background_size=&#8221;custom&#8221; background_image_width=&#8221;100%&#8221; background_position=&#8221;top_center&#8221; background_vertical_offset=&#8221;-1%&#8221; background_blend=&#8221;darken&#8221; custom_margin=&#8221;||0px||false|false&#8221; custom_padding=&#8221;0px||0px||false|false&#8221; background_last_edited=&#8221;on|phone&#8221; background_image_phone=&#8221;https:\/\/ourofinoagro.com.br\/wp-content\/uploads\/2019\/09\/foto-topo-produto-fortaleza-e1695324603609.png&#8221; background_enable_image_phone=&#8221;on&#8221; background_size_phone=&#8221;initial&#8221; da_is_popup=&#8221;off&#8221; da_disable_devices=&#8221;off|off|off&#8221; global_colors_info=&#8221;{}&#8221; da_exit_intent=&#8221;off&#8221; da_has_close=&#8221;on&#8221; da_alt_close=&#8221;off&#8221; da_dark_close=&#8221;off&#8221; da_not_modal=&#8221;on&#8221; da_is_singular=&#8221;off&#8221; da_with_loader=&#8221;off&#8221; da_has_shadow=&#8221;on&#8221;][et_pb_row column_structure=&#8221;3_5,2_5&#8243; custom_padding_last_edited=&#8221;on|phone&#8221; _builder_version=&#8221;4.16&#8243; custom_margin=&#8221;0px||||false|false&#8221; custom_padding=&#8221;0px||0px||false|false&#8221; custom_padding_tablet=&#8221;200px||7px||false|false&#8221; custom_padding_phone=&#8221;0px||8px||false|false&#8221; background_image_phone=&#8221;https:\/\/ourofinoagro.com.br\/wp-content\/uploads\/2019\/09\/foto-topo-produto-fortaleza-e1695324603609.png&#8221; background_enable_image_phone=&#8221;on&#8221; background_size_phone=&#8221;initial&#8221; global_colors_info=&#8221;{}&#8221;][et_pb_column type=&#8221;3_5&#8243; _builder_version=&#8221;4.16&#8243; global_colors_info=&#8221;{}&#8221;][\/et_pb_column][et_pb_column type=&#8221;2_5&#8243; _builder_version=&#8221;4.16&#8243; global_colors_info=&#8221;{}&#8221;][et_pb_text _builder_version=&#8221;4.17.4&#8243; _module_preset=&#8221;ca30e303-3440-43ae-a0c3-5db151785f03&#8243; header_font=&#8221;|300|||||||&#8221; header_font_size=&#8221;43px&#8221; custom_margin_tablet=&#8221;&#8221; custom_margin_phone=&#8221;32px||-3px||false|false&#8221; custom_margin_last_edited=&#8221;on|phone&#8221; custom_padding=&#8221;79px|26px|78px|26px|false|true&#8221; header_font_size_tablet=&#8221;43px&#8221; header_font_size_phone=&#8221;37px&#8221; header_font_size_last_edited=&#8221;on|phone&#8221; background_last_edited=&#8221;on|phone&#8221; header_text_shadow_style=&#8221;preset4&#8243; header_text_shadow_horizontal_length=&#8221;0.02em&#8221; header_text_shadow_vertical_length=&#8221;0.02em&#8221; locked=&#8221;off&#8221; global_colors_info=&#8221;{}&#8221;]<\/p>\n<h1>FortalezaBR \u00ae<\/h1>\n<p>A Ourofino Agroscience product<\/p>\n<p>[\/et_pb_text][\/et_pb_column][\/et_pb_row][\/et_pb_section][et_pb_section fb_built=&#8221;1&#8243; _builder_version=&#8221;4.16&#8243; background_color=&#8221;#ffffff&#8221; custom_margin=&#8221;-4px||||false|false&#8221; custom_padding=&#8221;8px||3px|||&#8221; da_is_popup=&#8221;off&#8221; da_disable_devices=&#8221;off|off|off&#8221; global_colors_info=&#8221;{}&#8221; da_exit_intent=&#8221;off&#8221; da_has_close=&#8221;on&#8221; da_alt_close=&#8221;off&#8221; da_dark_close=&#8221;off&#8221; da_not_modal=&#8221;on&#8221; da_is_singular=&#8221;off&#8221; da_with_loader=&#8221;off&#8221; da_has_shadow=&#8221;on&#8221;][et_pb_row _builder_version=&#8221;4.16&#8243; width=&#8221;100%&#8221; custom_margin=&#8221;|auto|-7px|auto|false|false&#8221; custom_padding=&#8221;3px||||false|false&#8221; global_colors_info=&#8221;{}&#8221;][et_pb_column type=&#8221;4_4&#8243; _builder_version=&#8221;4.16&#8243; global_colors_info=&#8221;{}&#8221;][et_pb_image src=&#8221;https:\/\/ourofinoagro.com.br\/wp-content\/uploads\/2019\/08\/bg-branco.png&#8221; force_fullwidth=&#8221;on&#8221; _builder_version=&#8221;4.16&#8243; custom_margin=&#8221;-105px||2px||false|false&#8221; custom_margin_tablet=&#8221;-64px||||false|false&#8221; custom_margin_phone=&#8221;-83px||||false|false&#8221; custom_margin_last_edited=&#8221;on|phone&#8221; custom_padding=&#8221;||||false|false&#8221; border_width_bottom=&#8221;50px&#8221; border_color_bottom=&#8221;#ffffff&#8221; global_colors_info=&#8221;{}&#8221;][\/et_pb_image][et_pb_text _builder_version=&#8221;4.16&#8243; text_orientation=&#8221;right&#8221; custom_margin=&#8221;|30px|||false|false&#8221; global_colors_info=&#8221;{}&#8221;]<\/p>\n<p><a href=\"https:\/\/ourofinoagro.com.br\/en\/products\/\">Products<\/a> &gt; <a href=\"https:\/\/ourofinoagro.com.br\/en\/products\/?_sft_category=herbicidas\">Herbicides<\/a> &gt; <a href=\"https:\/\/ourofinoagro.com.br\/en\/products\/fortalezabr\/\">FortalezaBR<\/a><\/p>\n<p>[\/et_pb_text][\/et_pb_column][\/et_pb_row][\/et_pb_section][et_pb_section fb_built=&#8221;1&#8243; specialty=&#8221;on&#8221; _builder_version=&#8221;4.16&#8243; custom_margin=&#8221;||63px|||&#8221; custom_padding=&#8221;9px||24px|||&#8221; da_disable_devices=&#8221;off|off|off&#8221; global_colors_info=&#8221;{}&#8221; da_is_popup=&#8221;off&#8221; da_exit_intent=&#8221;off&#8221; da_has_close=&#8221;on&#8221; da_alt_close=&#8221;off&#8221; da_dark_close=&#8221;off&#8221; da_not_modal=&#8221;on&#8221; da_is_singular=&#8221;off&#8221; da_with_loader=&#8221;off&#8221; da_has_shadow=&#8221;on&#8221;][et_pb_column type=&#8221;1_2&#8243; specialty_columns=&#8221;2&#8243; _builder_version=&#8221;4.16&#8243; custom_padding=&#8221;|||&#8221; global_colors_info=&#8221;{}&#8221; custom_padding__hover=&#8221;|||&#8221;][et_pb_row_inner disabled_on=&#8221;on|on|on&#8221; _builder_version=&#8221;4.16&#8243; disabled=&#8221;on&#8221; global_colors_info=&#8221;{}&#8221;][et_pb_column_inner saved_specialty_column_type=&#8221;1_2&#8243; _builder_version=&#8221;4.16&#8243; global_colors_info=&#8221;{}&#8221;][et_pb_image src=&#8221;https:\/\/ourofinoagro.com.br\/wp-content\/uploads\/2019\/08\/produto-ourofino-eleve-10kg.png&#8221; show_in_lightbox=&#8221;on&#8221; show_bottom_space=&#8221;off&#8221; disabled_on=&#8221;on|on|off&#8221; _builder_version=&#8221;4.16&#8243; width=&#8221;450px&#8221; width_tablet=&#8221;&#8221; width_phone=&#8221;&#8221; width_last_edited=&#8221;on|phone&#8221; module_alignment=&#8221;left&#8221; min_height=&#8221;450px&#8221; max_height=&#8221;450px&#8221; custom_margin=&#8221;||||false|false&#8221; global_colors_info=&#8221;{}&#8221;][\/et_pb_image][\/et_pb_column_inner][\/et_pb_row_inner][et_pb_row_inner _builder_version=&#8221;4.16&#8243; global_colors_info=&#8221;{}&#8221;][et_pb_column_inner saved_specialty_column_type=&#8221;1_2&#8243; _builder_version=&#8221;4.16&#8243; global_colors_info=&#8221;{}&#8221;][et_pb_text _builder_version=&#8221;4.16&#8243; custom_margin=&#8221;||-21px|||&#8221; custom_padding=&#8221;||6px|||&#8221; border_color_bottom=&#8221;#e5e5e5&#8243; global_colors_info=&#8221;{}&#8221;]<\/p>\n<h2>Registered crops:<\/h2>\n<p>[\/et_pb_text][et_pb_text _builder_version=&#8221;4.16&#8243; width=&#8221;400px&#8221; width_tablet=&#8221;&#8221; width_phone=&#8221;&#8221; width_last_edited=&#8221;on|phone&#8221; max_width=&#8221;400px&#8221; max_width_tablet=&#8221;&#8221; max_width_phone=&#8221;&#8221; max_width_last_edited=&#8221;on|phone&#8221; custom_padding=&#8221;18px|||||&#8221; global_colors_info=&#8221;{}&#8221;]<div class=\"tags-lista\"><div class='culturas'><img src='\/wp-content\/themes\/link-nacional\/images\/icone-cultura-cana-de-acucar.png' width='80' height='80' alt='Sugar cane' title='Sugar cane' style='margin: 0 5px;'><br><span class='tag-imagem et_pb_text_inner'>Sugar cane<\/span><\/div><\/div><div style=\"clear:both;\"><\/div>[\/et_pb_text][\/et_pb_column_inner][\/et_pb_row_inner][et_pb_row_inner disabled_on=&#8221;on|on|on&#8221; _builder_version=&#8221;4.16&#8243; disabled=&#8221;on&#8221; global_colors_info=&#8221;{}&#8221;][et_pb_column_inner saved_specialty_column_type=&#8221;1_2&#8243; _builder_version=&#8221;4.16&#8243; global_colors_info=&#8221;{}&#8221;][et_pb_text _builder_version=&#8221;4.16&#8243; custom_margin=&#8221;||-21px|||&#8221; custom_padding=&#8221;||6px|||&#8221; border_color_bottom=&#8221;#e5e5e5&#8243; global_colors_info=&#8221;{}&#8221;]<\/p>\n<h2>Main Targets FortalezaBR\u00ae<\/h2>\n<p>[\/et_pb_text][et_pb_text _builder_version=&#8221;4.16&#8243; width=&#8221;400px&#8221; max_width=&#8221;400px&#8221; custom_padding=&#8221;18px|||||&#8221; global_colors_info=&#8221;{}&#8221;]<div class=\"tags-lista\"><\/div><div style=\"clear:both;\"><\/div>[\/et_pb_text][\/et_pb_column_inner][\/et_pb_row_inner][et_pb_row_inner _builder_version=&#8221;4.16&#8243; global_colors_info=&#8221;{}&#8221;][et_pb_column_inner saved_specialty_column_type=&#8221;1_2&#8243; _builder_version=&#8221;4.16&#8243; global_colors_info=&#8221;{}&#8221;][et_pb_text _builder_version=&#8221;4.16&#8243; custom_margin=&#8221;1px||-2px|||&#8221; custom_padding=&#8221;36px|||||&#8221; global_colors_info=&#8221;{}&#8221;]<\/p>\n<h2>Active Ingredients<\/h2>\n<p>[\/et_pb_text][et_pb_text _builder_version=&#8221;4.16&#8243; global_colors_info=&#8221;{}&#8221;]Tebuthiuron 500 g\/L[\/et_pb_text][\/et_pb_column_inner][\/et_pb_row_inner][\/et_pb_column][et_pb_column type=&#8221;1_2&#8243; _builder_version=&#8221;4.16&#8243; custom_padding=&#8221;|||&#8221; global_colors_info=&#8221;{}&#8221; custom_padding__hover=&#8221;|||&#8221;][et_pb_text _builder_version=&#8221;4.16&#8243; text_orientation=&#8221;justify&#8221; custom_margin=&#8221;-2px||18px|||&#8221; text_text_align=&#8221;justify&#8221; global_colors_info=&#8221;{}&#8221;]<\/p>\n<h2>Know FortalezaBR \u00ae<\/h2>\n<p><span>FotalezaBR \u00ae is a herbicide from the chemical group of urea, presented in the form of concentrated suspension, being systemic and selective. The herbicide is indicated for the control of infesting plants annually or perennial, monocotyledonous or dicotyledonous in pre-emergence in the culture of sugar cane. Among the weed plants we can highlight: brachiaria grass (Brachiaria decumbens), marmalade grass (Brachiaria plantaginea), Cenchrus echinatus grass), chicken-foot grass (Eleusine indica), colony grass (Panicum maximum), blackthorn (Bidens pilosa), among others.<\/span><\/p>\n<p><span>FotalezaBR \u00ae is an integral part of Ciclo 100, the OUrofino Agroci\u00eancia program with the broadest and most complete portfolio of integrated solutions for the management of sugarcane.<\/span><\/p>\n<p>[\/et_pb_text][et_pb_text _builder_version=&#8221;4.16&#8243; text_orientation=&#8221;justify&#8221; custom_margin=&#8221;39px|||||&#8221; text_text_align=&#8221;justify&#8221; global_colors_info=&#8221;{}&#8221;]<\/p>\n<h2>Mode of action of FortalezaBR \u00ae<\/h2>\n<p>Tebutiurom herbicide selective to sugarcane, recomended in pre emergency for the control of grass and weeds of broad leaves both in cane plant and ratoon in different times of the year, independently of the climatic conditions.<\/p>\n<p>[\/et_pb_text][et_pb_image src=&#8221;https:\/\/ourofinoagro.com.br\/wp-content\/uploads\/2019\/08\/icone-info-bula.png&#8221; url=&#8221;https:\/\/ourofinoagro.com.br\/wp-content\/uploads\/2024\/02\/BULA_FORTALEZABR_15.02.2024_V.10.pdf&#8221; url_new_window=&#8221;on&#8221; _builder_version=&#8221;4.21.0&#8243; background_color=&#8221;#72bd4b&#8221; custom_margin=&#8221;|4px|||false|false&#8221; custom_padding=&#8221;2px|2px|2px|2px|true|true&#8221; custom_css_main_element=&#8221;float:left;&#8221; global_colors_info=&#8221;{}&#8221;][\/et_pb_image][et_pb_image src=&#8221;https:\/\/ourofinoagro.com.br\/wp-content\/uploads\/2019\/08\/icone-info-fispq.png&#8221; url=&#8221;https:\/\/ourofinoagro.com.br\/wp-content\/uploads\/2025\/06\/FORTALEZABR-FDS-abr-2025.pdf&#8221; url_new_window=&#8221;on&#8221; _builder_version=&#8221;4.21.0&#8243; background_color=&#8221;#72bd4b&#8221; custom_margin=&#8221;|4px|||false|false&#8221; custom_padding=&#8221;2px|2px|2px|2px|true|true&#8221; hover_enabled=&#8221;0&#8243; custom_css_main_element=&#8221;float:left;&#8221; global_colors_info=&#8221;{}&#8221; sticky_enabled=&#8221;0&#8243;][\/et_pb_image][et_pb_image src=&#8221;https:\/\/ourofinoagro.com.br\/wp-content\/uploads\/2019\/08\/icone-info-ficha-de-emergencia.png&#8221; url=&#8221;https:\/\/ourofinoagro.com.br\/wp-content\/uploads\/2021\/09\/FORTALEZABR-FE-ago-2021-1.pdf&#8221; url_new_window=&#8221;on&#8221; _builder_version=&#8221;4.16&#8243; background_color=&#8221;#72bd4b&#8221; custom_padding=&#8221;2px|2px|2px|2px|true|true&#8221; custom_css_main_element=&#8221;float:left;&#8221; global_colors_info=&#8221;{}&#8221;][\/et_pb_image][et_pb_divider _builder_version=&#8221;4.16&#8243; custom_css_main_element=&#8221;clear:both;&#8221; global_colors_info=&#8221;{}&#8221;][\/et_pb_divider][et_pb_button button_url=&#8221;https:\/\/ourofinoagro.com.br\/contato\/&#8221; url_new_window=&#8221;on&#8221; button_text=&#8221;Fast Response&#8221; button_alignment=&#8221;center&#8221; _builder_version=&#8221;4.21.0&#8243; custom_button=&#8221;on&#8221; button_text_size=&#8221;25px&#8221; button_icon=&#8221;&#x77;||divi||400&#8243; button_icon_placement=&#8221;left&#8221; button_on_hover=&#8221;off&#8221; custom_margin=&#8221;17px||||false|false&#8221; global_colors_info=&#8221;{}&#8221;][\/et_pb_button][\/et_pb_column][\/et_pb_section][et_pb_section fb_built=&#8221;1&#8243; specialty=&#8221;on&#8221; _builder_version=&#8221;4.16&#8243; custom_margin=&#8221;||63px|||&#8221; custom_padding=&#8221;9px||24px|||&#8221; da_disable_devices=&#8221;off|off|off&#8221; global_colors_info=&#8221;{}&#8221; da_is_popup=&#8221;off&#8221; da_exit_intent=&#8221;off&#8221; da_has_close=&#8221;on&#8221; da_alt_close=&#8221;off&#8221; da_dark_close=&#8221;off&#8221; da_not_modal=&#8221;on&#8221; da_is_singular=&#8221;off&#8221; da_with_loader=&#8221;off&#8221; da_has_shadow=&#8221;on&#8221;][et_pb_column type=&#8221;1_2&#8243; specialty_columns=&#8221;2&#8243; _builder_version=&#8221;4.16&#8243; custom_padding=&#8221;|||&#8221; global_colors_info=&#8221;{}&#8221; custom_padding__hover=&#8221;|||&#8221;][et_pb_row_inner use_custom_gutter=&#8221;on&#8221; gutter_width=&#8221;2&#8243; _builder_version=&#8221;4.16&#8243; background_color=&#8221;#f5f5f5&#8243; custom_margin=&#8221;0px||||false|false&#8221; custom_padding=&#8221;18px|16px|16px|16px|false|true&#8221; border_width_all=&#8221;1px&#8221; border_color_all=&#8221;#00672c&#8221; saved_tabs=&#8221;all&#8221; locked=&#8221;off&#8221; global_colors_info=&#8221;{}&#8221;][et_pb_column_inner saved_specialty_column_type=&#8221;1_2&#8243; _builder_version=&#8221;4.16&#8243; global_colors_info=&#8221;{}&#8221;][et_pb_text _builder_version=&#8221;4.21.0&#8243; text_font_size=&#8221;12px&#8221; text_line_height=&#8221;1.4em&#8221; min_height=&#8221;14.8px&#8221; custom_margin=&#8221;0px||||false|false&#8221; text_text_align=&#8221;left&#8221; global_colors_info=&#8221;{}&#8221;]<\/p>\n<p>STATE RESTRICTION: SEE PRODUCT LEAFLET.<\/p>\n<p>[\/et_pb_text][et_pb_divider color=&#8221;#00672c&#8221; _builder_version=&#8221;4.16&#8243; custom_css_main_element=&#8221;clear:both;&#8221; locked=&#8221;off&#8221; global_colors_info=&#8221;{}&#8221;][\/et_pb_divider][et_pb_text _builder_version=&#8221;4.21.0&#8243; text_font_size=&#8221;12px&#8221; text_line_height=&#8221;1.4em&#8221; custom_margin=&#8221;-23px||||false|false&#8221; text_text_align=&#8221;left&#8221; global_colors_info=&#8221;{}&#8221;]<\/p>\n<p>\u200b<strong>ATTENTION!<\/strong><br \/>THIS PRODUCT IS DANGEROUS TO ENVIRONMENT, HUMAN AND ANIMAL HEALTH. READ ATTENTIVELY AND FOLLOW THE INSTRUCTIONS CONTAINED ON LABELS, LEAFLETS AND PRESCRIPTIONS. ALWAYS USE INDIVIDUAL PROTECTION EQUIPMENT. INFORM YOURSELF AND PERFORM INTEGRATED MANAGEMENT OF PESTS, RESISTANCE TO DISEASES AND WEED.<br \/><strong>ALWAYS CONSULT AN AGRONOMIC ENGINEER. SALES UNDER AGRONOMIC PRESCRIPTION.<\/strong><\/p>\n<p>[\/et_pb_text][et_pb_divider color=&#8221;#00672c&#8221; _builder_version=&#8221;4.16&#8243; custom_css_main_element=&#8221;clear:both;&#8221; locked=&#8221;off&#8221; global_colors_info=&#8221;{}&#8221;][\/et_pb_divider][et_pb_text _builder_version=&#8221;4.21.0&#8243; text_font_size=&#8221;12px&#8221; text_line_height=&#8221;1.4em&#8221; custom_margin=&#8221;-27px||||false|false&#8221; text_text_align=&#8221;left&#8221; global_colors_info=&#8221;{}&#8221;]<\/p>\n<p>DISPOSE OF PACKAGING AND PRODUCT RESIDUE CORRECTLY.<\/p>\n<p>[\/et_pb_text][\/et_pb_column_inner][\/et_pb_row_inner][\/et_pb_column][et_pb_column type=&#8221;1_2&#8243; _builder_version=&#8221;4.16&#8243; custom_padding=&#8221;|||&#8221; global_colors_info=&#8221;{}&#8221; custom_padding__hover=&#8221;|||&#8221;][\/et_pb_column][\/et_pb_section]<\/p>\n","protected":false},"excerpt":{"rendered":"<p>FortalezaBR \u00ae A Ourofino Agroscience productProducts &gt; Herbicides &gt; FortalezaBRRegistered crops:<div class=\"tags-lista\"><div class='culturas'><img src='\/wp-content\/themes\/link-nacional\/images\/icone-cultura-cana-de-acucar.png' width='80' height='80' alt='Sugar cane' title='Sugar cane' style='margin: 0 5px;'><br><span class='tag-imagem et_pb_text_inner'>Sugar cane<\/span><\/div><\/div><div style=\"clear:both;\"><\/div>Main Targets FortalezaBR\u00ae<div class=\"tags-lista\"><\/div><div style=\"clear:both;\"><\/div>Active IngredientsTebuthiuron 500 g\/LKnow FortalezaBR \u00ae FotalezaBR \u00ae is a herbicide from the chemical group of urea, presented in the form of concentrated suspension, being systemic and selective. The herbicide is indicated for the control of infesting plants annually or perennial, monocotyledonous or [&hellip;]<\/p>\n","protected":false},"author":17,"featured_media":4743,"parent":4667,"menu_order":0,"comment_status":"closed","ping_status":"closed","template":"","meta":{"_et_pb_use_builder":"on","_et_pb_old_content":"<!-- wp:divi\/placeholder \/-->","_et_gb_content_width":"","inline_featured_image":false,"footnotes":""},"categories":[117,109],"tags":[329,328,119],"dipi_cpt_category":[],"class_list":["post-4741","page","type-page","status-publish","has-post-thumbnail","hentry","category-herbicides","category-products","tag-goosegrass","tag-signalgrass","tag-cana-de-acucar"],"yoast_head":"<!-- This site is optimized with the Yoast SEO plugin v21.6 - https:\/\/yoast.com\/wordpress\/plugins\/seo\/ -->\n<title>FortalezaBR \u00ae - Ourofino Agroci\u00eancia<\/title>\n<meta name=\"robots\" content=\"index, follow, max-snippet:-1, max-image-preview:large, max-video-preview:-1\" \/>\n<link rel=\"canonical\" href=\"https:\/\/ourofinoagro.com.br\/en\/products\/fortalezabr\/\" \/>\n<meta property=\"og:locale\" content=\"en_US\" \/>\n<meta property=\"og:type\" content=\"article\" \/>\n<meta property=\"og:title\" content=\"FortalezaBR \u00ae - Ourofino Agroci\u00eancia\" \/>\n<meta property=\"og:description\" content=\"FortalezaBR \u00ae A Ourofino Agroscience productProducts &gt; Herbicides &gt; FortalezaBRRegistered crops:Main Targets FortalezaBR\u00aeActive IngredientsKnow FortalezaBR \u00ae FotalezaBR \u00ae is a herbicide from the chemical group of urea, presented in the form of concentrated suspension, being systemic and selective. The herbicide is indicated for the control of infesting plants annually or perennial, monocotyledonous or [&hellip;]\" \/>\n<meta property=\"og:url\" content=\"https:\/\/ourofinoagro.com.br\/en\/products\/fortalezabr\/\" \/>\n<meta property=\"og:site_name\" content=\"Ourofino Agroci\u00eancia\" \/>\n<meta property=\"article:modified_time\" content=\"2025-06-24T17:15:42+00:00\" \/>\n<meta property=\"og:image\" content=\"https:\/\/ourofinoagro.com.br\/wp-content\/uploads\/2019\/09\/foto-topo-produto-fortaleza.png\" \/>\n<meta name=\"twitter:card\" content=\"summary_large_image\" \/>\n<meta name=\"twitter:image\" content=\"https:\/\/ourofinoagro.com.br\/wp-content\/uploads\/2019\/09\/foto-topo-produto-fortaleza.png\" \/>\n<meta name=\"twitter:label1\" content=\"Est. reading time\" \/>\n\t<meta name=\"twitter:data1\" content=\"5 minutes\" \/>\n<script type=\"application\/ld+json\" class=\"yoast-schema-graph\">{\"@context\":\"https:\/\/schema.org\",\"@graph\":[{\"@type\":\"WebPage\",\"@id\":\"https:\/\/ourofinoagro.com.br\/en\/products\/fortalezabr\/\",\"url\":\"https:\/\/ourofinoagro.com.br\/en\/products\/fortalezabr\/\",\"name\":\"FortalezaBR \u00ae - Ourofino Agroci\u00eancia\",\"isPartOf\":{\"@id\":\"https:\/\/ourofinoagro.com.br\/#website\"},\"datePublished\":\"2019-11-08T18:36:46+00:00\",\"dateModified\":\"2025-06-24T17:15:42+00:00\",\"breadcrumb\":{\"@id\":\"https:\/\/ourofinoagro.com.br\/en\/products\/fortalezabr\/#breadcrumb\"},\"inLanguage\":\"en-US\",\"potentialAction\":[{\"@type\":\"ReadAction\",\"target\":[\"https:\/\/ourofinoagro.com.br\/en\/products\/fortalezabr\/\"]}]},{\"@type\":\"BreadcrumbList\",\"@id\":\"https:\/\/ourofinoagro.com.br\/en\/products\/fortalezabr\/#breadcrumb\",\"itemListElement\":[{\"@type\":\"ListItem\",\"position\":1,\"name\":\"In\u00edcio\",\"item\":\"https:\/\/ourofinoagro.com.br\/en\/\"},{\"@type\":\"ListItem\",\"position\":2,\"name\":\"Products\",\"item\":\"https:\/\/ourofinoagro.com.br\/en\/products\/\"},{\"@type\":\"ListItem\",\"position\":3,\"name\":\"FortalezaBR \u00ae\"}]},{\"@type\":\"WebSite\",\"@id\":\"https:\/\/ourofinoagro.com.br\/#website\",\"url\":\"https:\/\/ourofinoagro.com.br\/\",\"name\":\"Ourofino Agroci\u00eancia\",\"description\":\"Nosso prop\u00f3sito de Reimaginar a Agricultura Brasileira est\u00e1 relacionado ao nosso compromisso em inspirar uma nova era de desenvolvimento, produtividade e crescimento.\",\"potentialAction\":[{\"@type\":\"SearchAction\",\"target\":{\"@type\":\"EntryPoint\",\"urlTemplate\":\"https:\/\/ourofinoagro.com.br\/?s={search_term_string}\"},\"query-input\":\"required name=search_term_string\"}],\"inLanguage\":\"en-US\"}]}<\/script>\n<!-- \/ Yoast SEO plugin. -->","yoast_head_json":{"title":"FortalezaBR \u00ae - Ourofino Agroci\u00eancia","robots":{"index":"index","follow":"follow","max-snippet":"max-snippet:-1","max-image-preview":"max-image-preview:large","max-video-preview":"max-video-preview:-1"},"canonical":"https:\/\/ourofinoagro.com.br\/en\/products\/fortalezabr\/","og_locale":"en_US","og_type":"article","og_title":"FortalezaBR \u00ae - Ourofino Agroci\u00eancia","og_description":"FortalezaBR \u00ae A Ourofino Agroscience productProducts &gt; Herbicides &gt; FortalezaBRRegistered crops:Main Targets FortalezaBR\u00aeActive IngredientsKnow FortalezaBR \u00ae FotalezaBR \u00ae is a herbicide from the chemical group of urea, presented in the form of concentrated suspension, being systemic and selective. The herbicide is indicated for the control of infesting plants annually or perennial, monocotyledonous or [&hellip;]","og_url":"https:\/\/ourofinoagro.com.br\/en\/products\/fortalezabr\/","og_site_name":"Ourofino Agroci\u00eancia","article_modified_time":"2025-06-24T17:15:42+00:00","og_image":[{"url":"https:\/\/ourofinoagro.com.br\/wp-content\/uploads\/2019\/09\/foto-topo-produto-fortaleza.png"}],"twitter_card":"summary_large_image","twitter_image":"https:\/\/ourofinoagro.com.br\/wp-content\/uploads\/2019\/09\/foto-topo-produto-fortaleza.png","twitter_misc":{"Est. reading time":"5 minutes"},"schema":{"@context":"https:\/\/schema.org","@graph":[{"@type":"WebPage","@id":"https:\/\/ourofinoagro.com.br\/en\/products\/fortalezabr\/","url":"https:\/\/ourofinoagro.com.br\/en\/products\/fortalezabr\/","name":"FortalezaBR \u00ae - Ourofino Agroci\u00eancia","isPartOf":{"@id":"https:\/\/ourofinoagro.com.br\/#website"},"datePublished":"2019-11-08T18:36:46+00:00","dateModified":"2025-06-24T17:15:42+00:00","breadcrumb":{"@id":"https:\/\/ourofinoagro.com.br\/en\/products\/fortalezabr\/#breadcrumb"},"inLanguage":"en-US","potentialAction":[{"@type":"ReadAction","target":["https:\/\/ourofinoagro.com.br\/en\/products\/fortalezabr\/"]}]},{"@type":"BreadcrumbList","@id":"https:\/\/ourofinoagro.com.br\/en\/products\/fortalezabr\/#breadcrumb","itemListElement":[{"@type":"ListItem","position":1,"name":"In\u00edcio","item":"https:\/\/ourofinoagro.com.br\/en\/"},{"@type":"ListItem","position":2,"name":"Products","item":"https:\/\/ourofinoagro.com.br\/en\/products\/"},{"@type":"ListItem","position":3,"name":"FortalezaBR \u00ae"}]},{"@type":"WebSite","@id":"https:\/\/ourofinoagro.com.br\/#website","url":"https:\/\/ourofinoagro.com.br\/","name":"Ourofino Agroci\u00eancia","description":"Nosso prop\u00f3sito de Reimaginar a Agricultura Brasileira est\u00e1 relacionado ao nosso compromisso em inspirar uma nova era de desenvolvimento, produtividade e crescimento.","potentialAction":[{"@type":"SearchAction","target":{"@type":"EntryPoint","urlTemplate":"https:\/\/ourofinoagro.com.br\/?s={search_term_string}"},"query-input":"required name=search_term_string"}],"inLanguage":"en-US"}]}},"_links":{"self":[{"href":"https:\/\/ourofinoagro.com.br\/en\/wp-json\/wp\/v2\/pages\/4741"}],"collection":[{"href":"https:\/\/ourofinoagro.com.br\/en\/wp-json\/wp\/v2\/pages"}],"about":[{"href":"https:\/\/ourofinoagro.com.br\/en\/wp-json\/wp\/v2\/types\/page"}],"author":[{"embeddable":true,"href":"https:\/\/ourofinoagro.com.br\/en\/wp-json\/wp\/v2\/users\/17"}],"replies":[{"embeddable":true,"href":"https:\/\/ourofinoagro.com.br\/en\/wp-json\/wp\/v2\/comments?post=4741"}],"version-history":[{"count":10,"href":"https:\/\/ourofinoagro.com.br\/en\/wp-json\/wp\/v2\/pages\/4741\/revisions"}],"predecessor-version":[{"id":265814,"href":"https:\/\/ourofinoagro.com.br\/en\/wp-json\/wp\/v2\/pages\/4741\/revisions\/265814"}],"up":[{"embeddable":true,"href":"https:\/\/ourofinoagro.com.br\/en\/wp-json\/wp\/v2\/pages\/4667"}],"wp:featuredmedia":[{"embeddable":true,"href":"https:\/\/ourofinoagro.com.br\/en\/wp-json\/wp\/v2\/media\/4743"}],"wp:attachment":[{"href":"https:\/\/ourofinoagro.com.br\/en\/wp-json\/wp\/v2\/media?parent=4741"}],"wp:term":[{"taxonomy":"category","embeddable":true,"href":"https:\/\/ourofinoagro.com.br\/en\/wp-json\/wp\/v2\/categories?post=4741"},{"taxonomy":"post_tag","embeddable":true,"href":"https:\/\/ourofinoagro.com.br\/en\/wp-json\/wp\/v2\/tags?post=4741"},{"taxonomy":"dipi_cpt_category","embeddable":true,"href":"https:\/\/ourofinoagro.com.br\/en\/wp-json\/wp\/v2\/dipi_cpt_category?post=4741"}],"curies":[{"name":"wp","href":"https:\/\/api.w.org\/{rel}","templated":true}]}}